{"id":753,"date":"2023-08-09T15:15:39","date_gmt":"2023-08-09T19:15:39","guid":{"rendered":"https:\/\/espacebloomy.ca\/?post_type=product&#038;p=753"},"modified":"2023-10-15T10:21:35","modified_gmt":"2023-10-15T14:21:35","slug":"nurse-mega","status":"publish","type":"product","link":"https:\/\/espacebloomy.ca\/en\/product\/nurse-mega\/","title":{"rendered":"L\u2019infirmi\u00e8re MEGA"},"content":{"rendered":"<p>Les TSO sont rudes \u00e0 passer aux travers? On vous remercie de tout ce que vous faites pour nous! Avec ce Thermos 40oz profiter de toute la dose de caf\u00e9ine dont vous avez besoin. Votre caf\u00e9 restera chaud tout votre quart de travail!<br \/>\nVous pouvez aussi c\u00e9l\u00e9brer la fin de votre 7 de travail, ou simplement essayer de l\u2019oublier en vous faisant un MEGA cocktail \ud83d\ude09<\/p>\n<p>Vient avec une paille en plastique **<\/p>","protected":false},"excerpt":{"rendered":"<p>Les TSO sont rudes \u00e0 passer aux travers? On vous remercie de tout ce que vous faites pour nous! Avec ce Thermos 40oz profiter de toute la dose de caf\u00e9ine dont vous avez besoin. Votre caf\u00e9 restera chaud tout votre quart de travail! Vous pouvez aussi c\u00e9l\u00e9brer la fin de votre 7 de travail, ou [&hellip;]<\/p>\n","protected":false},"featured_media":754,"comment_status":"open","ping_status":"closed","template":"","meta":{"_et_pb_use_builder":"","_et_pb_old_content":"","_et_gb_content_width":""},"product_brand":[],"product_cat":[50,26],"product_tag":[],"class_list":{"0":"post-753","1":"product","2":"type-product","3":"status-publish","4":"has-post-thumbnail","6":"product_cat-mega","7":"product_cat-cup","9":"first","10":"instock","11":"sale","12":"taxable","13":"shipping-taxable","14":"purchasable","15":"product-type-simple"},"aioseo_notices":[],"jetpack_sharing_enabled":true,"_links":{"self":[{"href":"https:\/\/espacebloomy.ca\/en\/wp-json\/wp\/v2\/product\/753","targetHints":{"allow":["GET"]}}],"collection":[{"href":"https:\/\/espacebloomy.ca\/en\/wp-json\/wp\/v2\/product"}],"about":[{"href":"https:\/\/espacebloomy.ca\/en\/wp-json\/wp\/v2\/types\/product"}],"replies":[{"embeddable":true,"href":"https:\/\/espacebloomy.ca\/en\/wp-json\/wp\/v2\/comments?post=753"}],"wp:featuredmedia":[{"embeddable":true,"href":"https:\/\/espacebloomy.ca\/en\/wp-json\/wp\/v2\/media\/754"}],"wp:attachment":[{"href":"https:\/\/espacebloomy.ca\/en\/wp-json\/wp\/v2\/media?parent=753"}],"wp:term":[{"taxonomy":"product_brand","embeddable":true,"href":"https:\/\/espacebloomy.ca\/en\/wp-json\/wp\/v2\/product_brand?post=753"},{"taxonomy":"product_cat","embeddable":true,"href":"https:\/\/espacebloomy.ca\/en\/wp-json\/wp\/v2\/product_cat?post=753"},{"taxonomy":"product_tag","embeddable":true,"href":"https:\/\/espacebloomy.ca\/en\/wp-json\/wp\/v2\/product_tag?post=753"}],"curies":[{"name":"wp","href":"https:\/\/api.w.org\/{rel}","templated":true}]}}