{"id":667,"date":"2023-06-14T09:50:40","date_gmt":"2023-06-14T13:50:40","guid":{"rendered":"https:\/\/espacebloomy.ca\/?post_type=product&#038;p=667"},"modified":"2023-12-29T00:02:06","modified_gmt":"2023-12-29T04:02:06","slug":"lampe-de-croissance","status":"publish","type":"product","link":"https:\/\/espacebloomy.ca\/en\/product\/lampe-de-croissance\/","title":{"rendered":"Grow lights (pack of 2)"},"content":{"rendered":"<p>Vous aimez les plantes mais manquez de lumi\u00e8res \u00e0 la maison? Voici la solution parfaite. Cette lampe de croissance \u00e0 spectre complet est ajustable en hauteur, jusqu&rsquo;\u00e0 64 cm de hauteur. Elle se pique \u00e0 m\u00eame le terreau de votre pr\u00e9cieuse.<\/p>\n<p>&nbsp;<\/p>\n<p>Paquet de 2 lampes<\/p>\n<p>4 intensit\u00e9s diff\u00e9rentes<br \/>\nProgrammable pour un \u00e9clairage de 3\/9\/12 heures<br \/>\nPrise USB (adaptateur mural non inclus)<\/p>","protected":false},"excerpt":{"rendered":"<p>Vous aimez les plantes mais manquez de lumi\u00e8res \u00e0 la maison? Voici la solution parfaite. Cette lampe de croissance \u00e0 spectre complet est ajustable en hauteur, jusqu&rsquo;\u00e0 64 cm de hauteur. Elle se pique \u00e0 m\u00eame le terreau de votre pr\u00e9cieuse. &nbsp; Paquet de 2 lampes 4 intensit\u00e9s diff\u00e9rentes Programmable pour un \u00e9clairage de 3\/9\/12 [&hellip;]<\/p>\n","protected":false},"featured_media":668,"comment_status":"open","ping_status":"closed","template":"","meta":{"_et_pb_use_builder":"","_et_pb_old_content":"","_et_gb_content_width":""},"product_brand":[],"product_cat":[30,54],"product_tag":[57,55,56,51],"class_list":{"0":"post-667","1":"product","2":"type-product","3":"status-publish","4":"has-post-thumbnail","6":"product_cat-accessoires","7":"product_cat-plantes","8":"product_tag-croissance","9":"product_tag-grow-light","10":"product_tag-lampe","11":"product_tag-plante","13":"first","14":"instock","15":"taxable","16":"shipping-taxable","17":"purchasable","18":"product-type-simple"},"aioseo_notices":[],"jetpack_sharing_enabled":true,"_links":{"self":[{"href":"https:\/\/espacebloomy.ca\/en\/wp-json\/wp\/v2\/product\/667","targetHints":{"allow":["GET"]}}],"collection":[{"href":"https:\/\/espacebloomy.ca\/en\/wp-json\/wp\/v2\/product"}],"about":[{"href":"https:\/\/espacebloomy.ca\/en\/wp-json\/wp\/v2\/types\/product"}],"replies":[{"embeddable":true,"href":"https:\/\/espacebloomy.ca\/en\/wp-json\/wp\/v2\/comments?post=667"}],"wp:featuredmedia":[{"embeddable":true,"href":"https:\/\/espacebloomy.ca\/en\/wp-json\/wp\/v2\/media\/668"}],"wp:attachment":[{"href":"https:\/\/espacebloomy.ca\/en\/wp-json\/wp\/v2\/media?parent=667"}],"wp:term":[{"taxonomy":"product_brand","embeddable":true,"href":"https:\/\/espacebloomy.ca\/en\/wp-json\/wp\/v2\/product_brand?post=667"},{"taxonomy":"product_cat","embeddable":true,"href":"https:\/\/espacebloomy.ca\/en\/wp-json\/wp\/v2\/product_cat?post=667"},{"taxonomy":"product_tag","embeddable":true,"href":"https:\/\/espacebloomy.ca\/en\/wp-json\/wp\/v2\/product_tag?post=667"}],"curies":[{"name":"wp","href":"https:\/\/api.w.org\/{rel}","templated":true}]}}