{"id":655,"date":"2023-06-10T08:13:50","date_gmt":"2023-06-10T12:13:50","guid":{"rendered":"https:\/\/espacebloomy.ca\/?post_type=product&#038;p=655"},"modified":"2023-10-15T10:21:10","modified_gmt":"2023-10-15T14:21:10","slug":"crane-mega","status":"publish","type":"product","link":"https:\/\/espacebloomy.ca\/en\/product\/crane-mega\/","title":{"rendered":"Cr\u00e2ne MEGA"},"content":{"rendered":"<p>La nuit a \u00e9t\u00e9 difficile? Avec ce Thermos 40oz profiter de toute la dose de caf\u00e9ine dont vous avez besoin. Elle restera chaude tr\u00e8s longtemps!<br \/>\nVous pouvez aussi c\u00e9l\u00e9brer vos victoires de la journ\u00e9e, ou simplement essayer de l\u2019oublier en vous faisant un MEGA cocktail \ud83d\ude09<\/p>\n<p>Vient avec une paille en plastique **<\/p>","protected":false},"excerpt":{"rendered":"<p>La nuit a \u00e9t\u00e9 difficile? Avec ce Thermos 40oz profiter de toute la dose de caf\u00e9ine dont vous avez besoin. Elle restera chaude tr\u00e8s longtemps! Vous pouvez aussi c\u00e9l\u00e9brer vos victoires de la journ\u00e9e, ou simplement essayer de l\u2019oublier en vous faisant un MEGA cocktail \ud83d\ude09 Vient avec une paille en plastique **<\/p>","protected":false},"featured_media":656,"comment_status":"open","ping_status":"closed","template":"","meta":{"_et_pb_use_builder":"","_et_pb_old_content":"","_et_gb_content_width":""},"product_brand":[],"product_cat":[50,26],"product_tag":[],"class_list":{"0":"post-655","1":"product","2":"type-product","3":"status-publish","4":"has-post-thumbnail","6":"product_cat-mega","7":"product_cat-cup","9":"first","10":"instock","11":"sale","12":"taxable","13":"shipping-taxable","14":"purchasable","15":"product-type-simple"},"aioseo_notices":[],"jetpack_sharing_enabled":true,"_links":{"self":[{"href":"https:\/\/espacebloomy.ca\/en\/wp-json\/wp\/v2\/product\/655","targetHints":{"allow":["GET"]}}],"collection":[{"href":"https:\/\/espacebloomy.ca\/en\/wp-json\/wp\/v2\/product"}],"about":[{"href":"https:\/\/espacebloomy.ca\/en\/wp-json\/wp\/v2\/types\/product"}],"replies":[{"embeddable":true,"href":"https:\/\/espacebloomy.ca\/en\/wp-json\/wp\/v2\/comments?post=655"}],"wp:featuredmedia":[{"embeddable":true,"href":"https:\/\/espacebloomy.ca\/en\/wp-json\/wp\/v2\/media\/656"}],"wp:attachment":[{"href":"https:\/\/espacebloomy.ca\/en\/wp-json\/wp\/v2\/media?parent=655"}],"wp:term":[{"taxonomy":"product_brand","embeddable":true,"href":"https:\/\/espacebloomy.ca\/en\/wp-json\/wp\/v2\/product_brand?post=655"},{"taxonomy":"product_cat","embeddable":true,"href":"https:\/\/espacebloomy.ca\/en\/wp-json\/wp\/v2\/product_cat?post=655"},{"taxonomy":"product_tag","embeddable":true,"href":"https:\/\/espacebloomy.ca\/en\/wp-json\/wp\/v2\/product_tag?post=655"}],"curies":[{"name":"wp","href":"https:\/\/api.w.org\/{rel}","templated":true}]}}