{"id":649,"date":"2023-06-09T17:27:10","date_gmt":"2023-06-09T21:27:10","guid":{"rendered":"https:\/\/espacebloomy.ca\/?post_type=product&#038;p=649"},"modified":"2023-12-29T00:02:06","modified_gmt":"2023-12-29T04:02:06","slug":"buck-papa-no1","status":"publish","type":"product","link":"https:\/\/espacebloomy.ca\/en\/product\/buck-papa-no1\/","title":{"rendered":"Buck papa no1"},"content":{"rendered":"<p style=\"text-align: right\">G\u00e2tez papa avec ce beau buck en verre \u00abL\u2019homme, le mythe, la l\u00e9gende \u00bb \ud83d\ude0d<\/p>\n<p>*Capacit\u00e9 de 18oz, design imprim\u00e9 \u00e0 l\u2019avant et \u00e0 l\u2019arri\u00e8re<\/p>","protected":false},"excerpt":{"rendered":"<p>G\u00e2tez papa avec ce beau buck en verre \u00abL\u2019homme, le mythe, la l\u00e9gende \u00bb \ud83d\ude0d *Capacit\u00e9 de 18oz, design imprim\u00e9 \u00e0 l\u2019avant et \u00e0 l\u2019arri\u00e8re<\/p>","protected":false},"featured_media":650,"comment_status":"open","ping_status":"closed","template":"","meta":{"_et_pb_use_builder":"on","_et_pb_old_content":"<p style=\"text-align: right;\">G\u00e2tez papa avec ce beau buck en verre \u00abL\u2019homme, le mythe, la l\u00e9gende \u00bb \ud83d\ude0d<\/p>\r\n*Capacit\u00e9 de 18oz, design imprim\u00e9 \u00e0 l\u2019avant et \u00e0 l\u2019arri\u00e8re","_et_gb_content_width":""},"product_brand":[],"product_cat":[26],"product_tag":[47,48,49],"class_list":{"0":"post-649","1":"product","2":"type-product","3":"status-publish","4":"has-post-thumbnail","6":"product_cat-cup","7":"product_tag-buck","8":"product_tag-papa","9":"product_tag-verre","11":"first","12":"instock","13":"taxable","14":"shipping-taxable","15":"purchasable","16":"product-type-simple"},"aioseo_notices":[],"jetpack_sharing_enabled":true,"_links":{"self":[{"href":"https:\/\/espacebloomy.ca\/en\/wp-json\/wp\/v2\/product\/649","targetHints":{"allow":["GET"]}}],"collection":[{"href":"https:\/\/espacebloomy.ca\/en\/wp-json\/wp\/v2\/product"}],"about":[{"href":"https:\/\/espacebloomy.ca\/en\/wp-json\/wp\/v2\/types\/product"}],"replies":[{"embeddable":true,"href":"https:\/\/espacebloomy.ca\/en\/wp-json\/wp\/v2\/comments?post=649"}],"wp:featuredmedia":[{"embeddable":true,"href":"https:\/\/espacebloomy.ca\/en\/wp-json\/wp\/v2\/media\/650"}],"wp:attachment":[{"href":"https:\/\/espacebloomy.ca\/en\/wp-json\/wp\/v2\/media?parent=649"}],"wp:term":[{"taxonomy":"product_brand","embeddable":true,"href":"https:\/\/espacebloomy.ca\/en\/wp-json\/wp\/v2\/product_brand?post=649"},{"taxonomy":"product_cat","embeddable":true,"href":"https:\/\/espacebloomy.ca\/en\/wp-json\/wp\/v2\/product_cat?post=649"},{"taxonomy":"product_tag","embeddable":true,"href":"https:\/\/espacebloomy.ca\/en\/wp-json\/wp\/v2\/product_tag?post=649"}],"curies":[{"name":"wp","href":"https:\/\/api.w.org\/{rel}","templated":true}]}}