{"id":2681,"date":"2024-08-26T08:29:40","date_gmt":"2024-08-26T12:29:40","guid":{"rendered":"https:\/\/espacebloomy.ca\/?post_type=product&#038;p=2681"},"modified":"2025-01-15T13:02:30","modified_gmt":"2025-01-15T18:02:30","slug":"importation-bananier-musae","status":"publish","type":"product","link":"https:\/\/espacebloomy.ca\/en\/product\/importation-bananier-musae\/","title":{"rendered":"Pr\u00e9commande ** bananier musae"},"content":{"rendered":"<p>Attention, en achetant \u00ab\u00a0non-acclimat\u00e9\u00a0\u00bb, vous acceptez de n&rsquo;avoir que la garantie de remplacement de notre fournisseur.<\/p>\n<p>Celle-ci ne couvre que le DOA (dead on arrival). Si la plante arrive morte dans nos locaux, vous en recevrez une nouvelle \u00e0 la prochaine commande. De la pourriture aux racines ou des feuilles molles, brunes ou ab\u00eem\u00e9es ne constituent pas une plante morte car elle peut \u00eatre boutur\u00e9e.<\/p>\n<p>**Si vous achetez non-acclimat\u00e9 et que vous choisissez l&rsquo;exp\u00e9dition, nous ne sommes plus responsables de la plante une fois qu&rsquo;elle nous quitte et ne pouvons garantir son arriv\u00e9e en vie chez vous car une double exp\u00e9dition peut \u00eatre tr\u00e8s dommageable.**<\/p>\n<p>Vous acceptez donc le risque li\u00e9 \u00e0 l&rsquo;acclimatation par vos propres moyens. Nous sommes toutefois disponibles pour vous conseiller et vous aider dans le processus.<\/p>","protected":false},"excerpt":{"rendered":"<p>Magnifiques bananier musae disponibles en pr\u00e9commande, provenant directement de Tha\u00eflande. Sont fragiles \u00e0 l&rsquo;importation mais reprennent assez bien en g\u00e9n\u00e9ral!<\/p>\n<p>Vous avez jusqu\u2019au 29 novembre 21h inclusivement pour commander et les plantes arriveront vers la 2-3e semaine de d\u00e9cembre. Nous communiquerons la date exacte pour (ceux qui choisissent de les acclimater eux-m\u00eames) sur notre groupe facebook <a href=\"https:\/\/www.facebook.com\/share\/knipKr37FkQdsaP9\/?mibextid=K35XfP\">https:\/\/www.facebook.com\/share\/knipKr37FkQdsaP9\/?mibextid=K35XfP<\/a><\/p>\n<p>Veuillez lire les descriptions des deux options qui vous sont offertes avant de passer commande.<\/p>\n<p>*photo \u00e0 titre indicatif et non-contractuelle<\/p>","protected":false},"featured_media":2684,"comment_status":"open","ping_status":"closed","template":"","meta":{"_et_pb_use_builder":"","_et_pb_old_content":"","_et_gb_content_width":""},"product_brand":[],"product_cat":[103,54,74,118],"product_tag":[],"class_list":{"0":"post-2681","1":"product","2":"type-product","3":"status-publish","4":"has-post-thumbnail","6":"product_cat-autres","7":"product_cat-plantes","8":"product_cat-preco","9":"product_cat-thailande-preco","11":"first","12":"outofstock","13":"taxable","14":"shipping-taxable","15":"purchasable","16":"product-type-variable"},"aioseo_notices":[],"jetpack_sharing_enabled":true,"_links":{"self":[{"href":"https:\/\/espacebloomy.ca\/en\/wp-json\/wp\/v2\/product\/2681","targetHints":{"allow":["GET"]}}],"collection":[{"href":"https:\/\/espacebloomy.ca\/en\/wp-json\/wp\/v2\/product"}],"about":[{"href":"https:\/\/espacebloomy.ca\/en\/wp-json\/wp\/v2\/types\/product"}],"replies":[{"embeddable":true,"href":"https:\/\/espacebloomy.ca\/en\/wp-json\/wp\/v2\/comments?post=2681"}],"wp:featuredmedia":[{"embeddable":true,"href":"https:\/\/espacebloomy.ca\/en\/wp-json\/wp\/v2\/media\/2684"}],"wp:attachment":[{"href":"https:\/\/espacebloomy.ca\/en\/wp-json\/wp\/v2\/media?parent=2681"}],"wp:term":[{"taxonomy":"product_brand","embeddable":true,"href":"https:\/\/espacebloomy.ca\/en\/wp-json\/wp\/v2\/product_brand?post=2681"},{"taxonomy":"product_cat","embeddable":true,"href":"https:\/\/espacebloomy.ca\/en\/wp-json\/wp\/v2\/product_cat?post=2681"},{"taxonomy":"product_tag","embeddable":true,"href":"https:\/\/espacebloomy.ca\/en\/wp-json\/wp\/v2\/product_tag?post=2681"}],"curies":[{"name":"wp","href":"https:\/\/api.w.org\/{rel}","templated":true}]}}