{"id":2620,"date":"2024-08-03T20:41:33","date_gmt":"2024-08-04T00:41:33","guid":{"rendered":"https:\/\/espacebloomy.ca\/?post_type=product&#038;p=2620"},"modified":"2025-01-15T13:02:33","modified_gmt":"2025-01-15T18:02:33","slug":"importation-monstera-thai-constellation-2","status":"publish","type":"product","link":"https:\/\/espacebloomy.ca\/en\/product\/importation-monstera-thai-constellation-2\/","title":{"rendered":"Pr\u00e9commande ** monstera Thai constellation (medium)"},"content":{"rendered":"<p>Attention, en achetant \u00ab\u00a0non-acclimat\u00e9\u00a0\u00bb, vous acceptez de n&rsquo;avoir que la garantie de remplacement de notre fournisseur.<\/p>\n<p>Celle-ci ne couvre que le DOA (dead on arrival). Si la plante arrive morte, vous en recevrez une nouvelle \u00e0 la prochaine commande. De la pourriture aux racines ou des feuilles molles, brunes ou ab\u00eem\u00e9es ne constituent pas une plante morte car elle peut \u00eatre boutur\u00e9e.<\/p>\n<p>Vous acceptez donc le risque li\u00e9 \u00e0 l&rsquo;acclimatation par vos propres moyens. Nous sommes toutefois disponibles pour vous conseiller et vous aider dans le processus.<\/p>","protected":false},"excerpt":{"rendered":"<p>Magnifiques monstera Thai constellation disponibles en pr\u00e9commande, provenant directement de Tha\u00eflande.<\/p>\n<p>Vous avez jusqu\u2019au 8 septembre inclusivement pour commander et les plantes arriveront la semaine du 23 septembre. Nous communiquerons la date exacte pour (ceux qui choisissent de les acclimater eux-m\u00eames) sur notre groupe facebook <a href=\"https:\/\/www.facebook.com\/share\/knipKr37FkQdsaP9\/?mibextid=K35XfP\">https:\/\/www.facebook.com\/share\/knipKr37FkQdsaP9\/?mibextid=K35XfP<\/a><\/p>\n<p>Veuillez lire les descriptions des deux options qui vous sont offertes avant de passer commande.<\/p>\n<p>Le ramassage pourra exceptionnellement se faire \u00e0 Laval les 28 et 29 septembre, <span style=\"text-decoration: underline\">pour les plantes non acclimat\u00e9es uniquement<\/span>. Elles auront exceptionnellement \u00e9t\u00e9s hydrat\u00e9es et mises en substrat de notre choix.<\/p>\n<p>*photo \u00e0 titre indicatif et non-contractuelle<\/p>","protected":false},"featured_media":2624,"comment_status":"open","ping_status":"closed","template":"","meta":{"_et_pb_use_builder":"","_et_pb_old_content":"","_et_gb_content_width":""},"product_brand":[],"product_cat":[98,54,74,118],"product_tag":[],"class_list":{"0":"post-2620","1":"product","2":"type-product","3":"status-publish","4":"has-post-thumbnail","6":"product_cat-monstera","7":"product_cat-plantes","8":"product_cat-preco","9":"product_cat-thailande-preco","11":"first","12":"outofstock","13":"taxable","14":"shipping-taxable","15":"purchasable","16":"product-type-variable"},"aioseo_notices":[],"jetpack_sharing_enabled":true,"_links":{"self":[{"href":"https:\/\/espacebloomy.ca\/en\/wp-json\/wp\/v2\/product\/2620","targetHints":{"allow":["GET"]}}],"collection":[{"href":"https:\/\/espacebloomy.ca\/en\/wp-json\/wp\/v2\/product"}],"about":[{"href":"https:\/\/espacebloomy.ca\/en\/wp-json\/wp\/v2\/types\/product"}],"replies":[{"embeddable":true,"href":"https:\/\/espacebloomy.ca\/en\/wp-json\/wp\/v2\/comments?post=2620"}],"wp:featuredmedia":[{"embeddable":true,"href":"https:\/\/espacebloomy.ca\/en\/wp-json\/wp\/v2\/media\/2624"}],"wp:attachment":[{"href":"https:\/\/espacebloomy.ca\/en\/wp-json\/wp\/v2\/media?parent=2620"}],"wp:term":[{"taxonomy":"product_brand","embeddable":true,"href":"https:\/\/espacebloomy.ca\/en\/wp-json\/wp\/v2\/product_brand?post=2620"},{"taxonomy":"product_cat","embeddable":true,"href":"https:\/\/espacebloomy.ca\/en\/wp-json\/wp\/v2\/product_cat?post=2620"},{"taxonomy":"product_tag","embeddable":true,"href":"https:\/\/espacebloomy.ca\/en\/wp-json\/wp\/v2\/product_tag?post=2620"}],"curies":[{"name":"wp","href":"https:\/\/api.w.org\/{rel}","templated":true}]}}