{"id":2081,"date":"2024-04-24T13:58:42","date_gmt":"2024-04-24T17:58:42","guid":{"rendered":"https:\/\/espacebloomy.ca\/?post_type=product&#038;p=2081"},"modified":"2024-04-24T14:07:19","modified_gmt":"2024-04-24T18:07:19","slug":"tumbler-perso-maman","status":"publish","type":"product","link":"https:\/\/espacebloomy.ca\/en\/product\/tumbler-perso-maman\/","title":{"rendered":"Custom tumbler MAMA"},"content":{"rendered":"<p>Pour les photos, nous les envoyer dans la meilleure r\u00e9solution possible \u00e0 l&rsquo;adresse suivante: info@espacebloomy.ca . Nous les mettrons dans l&rsquo;ordre qui les met le plus en valeur.<\/p>\n<p>Pr\u00e9voir un d\u00e9lai de confection maximale de 5 jours ouvrables.<\/p>","protected":false},"excerpt":{"rendered":"<p>Merveilleux cadeaux \u00e0 offrir \u00e0 une maman ou grand-maman pour la f\u00eate des m\u00e8res!<\/p>","protected":false},"featured_media":2080,"comment_status":"open","ping_status":"closed","template":"","meta":{"_et_pb_use_builder":"","_et_pb_old_content":"","_et_gb_content_width":""},"product_brand":[],"product_cat":[39,26,37],"product_tag":[],"class_list":{"0":"post-2081","1":"product","2":"type-product","3":"status-publish","4":"has-post-thumbnail","6":"product_cat-gobelets-personnalisables","7":"product_cat-cup","8":"product_cat-thermos-personnalisable","10":"first","11":"instock","12":"taxable","13":"shipping-taxable","14":"purchasable","15":"product-type-variable"},"aioseo_notices":[],"jetpack_sharing_enabled":true,"_links":{"self":[{"href":"https:\/\/espacebloomy.ca\/en\/wp-json\/wp\/v2\/product\/2081","targetHints":{"allow":["GET"]}}],"collection":[{"href":"https:\/\/espacebloomy.ca\/en\/wp-json\/wp\/v2\/product"}],"about":[{"href":"https:\/\/espacebloomy.ca\/en\/wp-json\/wp\/v2\/types\/product"}],"replies":[{"embeddable":true,"href":"https:\/\/espacebloomy.ca\/en\/wp-json\/wp\/v2\/comments?post=2081"}],"wp:featuredmedia":[{"embeddable":true,"href":"https:\/\/espacebloomy.ca\/en\/wp-json\/wp\/v2\/media\/2080"}],"wp:attachment":[{"href":"https:\/\/espacebloomy.ca\/en\/wp-json\/wp\/v2\/media?parent=2081"}],"wp:term":[{"taxonomy":"product_brand","embeddable":true,"href":"https:\/\/espacebloomy.ca\/en\/wp-json\/wp\/v2\/product_brand?post=2081"},{"taxonomy":"product_cat","embeddable":true,"href":"https:\/\/espacebloomy.ca\/en\/wp-json\/wp\/v2\/product_cat?post=2081"},{"taxonomy":"product_tag","embeddable":true,"href":"https:\/\/espacebloomy.ca\/en\/wp-json\/wp\/v2\/product_tag?post=2081"}],"curies":[{"name":"wp","href":"https:\/\/api.w.org\/{rel}","templated":true}]}}