{"id":2037,"date":"2024-04-13T10:42:28","date_gmt":"2024-04-13T14:42:28","guid":{"rendered":"https:\/\/espacebloomy.ca\/?post_type=product&#038;p=2037"},"modified":"2024-07-04T12:48:58","modified_gmt":"2024-07-04T16:48:58","slug":"tumbler-plant-party","status":"publish","type":"product","link":"https:\/\/espacebloomy.ca\/en\/product\/tumbler-plant-party\/","title":{"rendered":"Plants party- Tasse thermos 20oz"},"content":{"rendered":"<p>**ENGLISH WILL FOLLOW**<\/p>\n<p>Tasse imprim\u00e9e \u00e0 la main, finit lustr\u00e9. Fait en acier inoxydable, garde les boissons chaudes jusqu&rsquo;\u00e0 6 heures et celles froides jusqu&rsquo;\u00e0 12 heures.<\/p>\n<p>Pr\u00e9voir un d\u00e9lai de confection de 4 \u00e0 5 jours ouvrables.<\/p>\n<p>&nbsp;<\/p>\n<p>Pour une meilleur durabilit\u00e9, laver \u00e0 la main.<br \/>\nLes couleurs peuvent l\u00e9g\u00e8rement diff\u00e9rer de celles \u00e0 l&rsquo;\u00e9cran.<\/p>\n<p>**********************************************************<\/p>\n<p>Handprinted tumbler, glossy finish. Made in stainless steel, can keep hot beverages up to 6 hours, and cold ones up to 12 hours.<\/p>\n<p>Please allow a processing time up to 4 to 5 business days.<\/p>\n<p>&nbsp;<\/p>\n<p>For a better durability, handwash only.<br \/>\nColors can appear slightly different than on screen.<\/p>","protected":false},"excerpt":{"rendered":"<p>**ENGLISH WILL FOLLOW** Tasse imprim\u00e9e \u00e0 la main, finit lustr\u00e9. Fait en acier inoxydable, garde les boissons chaudes jusqu&rsquo;\u00e0 6 heures et celles froides jusqu&rsquo;\u00e0 12 heures. Pr\u00e9voir un d\u00e9lai de confection de 4 \u00e0 5 jours ouvrables. &nbsp; Pour une meilleur durabilit\u00e9, laver \u00e0 la main. Les couleurs peuvent l\u00e9g\u00e8rement diff\u00e9rer de celles \u00e0 [&hellip;]<\/p>\n","protected":false},"featured_media":2038,"comment_status":"open","ping_status":"closed","template":"","meta":{"_et_pb_use_builder":"","_et_pb_old_content":"","_et_gb_content_width":""},"product_brand":[],"product_cat":[26],"product_tag":[],"class_list":{"0":"post-2037","1":"product","2":"type-product","3":"status-publish","4":"has-post-thumbnail","6":"product_cat-cup","8":"first","9":"instock","10":"sale","11":"taxable","12":"shipping-taxable","13":"purchasable","14":"product-type-simple"},"aioseo_notices":[],"jetpack_sharing_enabled":true,"_links":{"self":[{"href":"https:\/\/espacebloomy.ca\/en\/wp-json\/wp\/v2\/product\/2037","targetHints":{"allow":["GET"]}}],"collection":[{"href":"https:\/\/espacebloomy.ca\/en\/wp-json\/wp\/v2\/product"}],"about":[{"href":"https:\/\/espacebloomy.ca\/en\/wp-json\/wp\/v2\/types\/product"}],"replies":[{"embeddable":true,"href":"https:\/\/espacebloomy.ca\/en\/wp-json\/wp\/v2\/comments?post=2037"}],"wp:featuredmedia":[{"embeddable":true,"href":"https:\/\/espacebloomy.ca\/en\/wp-json\/wp\/v2\/media\/2038"}],"wp:attachment":[{"href":"https:\/\/espacebloomy.ca\/en\/wp-json\/wp\/v2\/media?parent=2037"}],"wp:term":[{"taxonomy":"product_brand","embeddable":true,"href":"https:\/\/espacebloomy.ca\/en\/wp-json\/wp\/v2\/product_brand?post=2037"},{"taxonomy":"product_cat","embeddable":true,"href":"https:\/\/espacebloomy.ca\/en\/wp-json\/wp\/v2\/product_cat?post=2037"},{"taxonomy":"product_tag","embeddable":true,"href":"https:\/\/espacebloomy.ca\/en\/wp-json\/wp\/v2\/product_tag?post=2037"}],"curies":[{"name":"wp","href":"https:\/\/api.w.org\/{rel}","templated":true}]}}