{"id":1694,"date":"2024-02-01T13:42:27","date_gmt":"2024-02-01T17:42:27","guid":{"rendered":"https:\/\/espacebloomy.ca\/?post_type=product&#038;p=1694"},"modified":"2024-02-01T13:47:31","modified_gmt":"2024-02-01T17:47:31","slug":"if-i-had-feelings","status":"publish","type":"product","link":"https:\/\/espacebloomy.ca\/en\/product\/if-i-had-feelings\/","title":{"rendered":"If I had feelings.."},"content":{"rendered":"<p>Portez votre d\u00e9claration d&rsquo;amour fi\u00e8rement !<\/p>\n<p>Imprim\u00e9 \u00e0 la main, sur chandail 100% polyester. Doublure int\u00e9rieur ultra douce &lt;3<\/p>\n<p>Pr\u00e9voir un d\u00e9lai de confection de 7 \u00e0 10 jours ouvrables<\/p>","protected":false},"excerpt":{"rendered":"<p>Portez votre d\u00e9claration d&rsquo;amour fi\u00e8rement ! Imprim\u00e9 \u00e0 la main, sur chandail 100% polyester. Doublure int\u00e9rieur ultra douce &lt;3 Pr\u00e9voir un d\u00e9lai de confection de 7 \u00e0 10 jours ouvrables<\/p>","protected":false},"featured_media":1699,"comment_status":"open","ping_status":"closed","template":"","meta":{"_et_pb_use_builder":"","_et_pb_old_content":"","_et_gb_content_width":""},"product_brand":[],"product_cat":[24,22],"product_tag":[],"class_list":{"0":"post-1694","1":"product","2":"type-product","3":"status-publish","4":"has-post-thumbnail","6":"product_cat-crewneck","7":"product_cat-clothes","9":"first","10":"instock","11":"taxable","12":"shipping-taxable","13":"purchasable","14":"product-type-variable"},"aioseo_notices":[],"jetpack_sharing_enabled":true,"_links":{"self":[{"href":"https:\/\/espacebloomy.ca\/en\/wp-json\/wp\/v2\/product\/1694","targetHints":{"allow":["GET"]}}],"collection":[{"href":"https:\/\/espacebloomy.ca\/en\/wp-json\/wp\/v2\/product"}],"about":[{"href":"https:\/\/espacebloomy.ca\/en\/wp-json\/wp\/v2\/types\/product"}],"replies":[{"embeddable":true,"href":"https:\/\/espacebloomy.ca\/en\/wp-json\/wp\/v2\/comments?post=1694"}],"wp:featuredmedia":[{"embeddable":true,"href":"https:\/\/espacebloomy.ca\/en\/wp-json\/wp\/v2\/media\/1699"}],"wp:attachment":[{"href":"https:\/\/espacebloomy.ca\/en\/wp-json\/wp\/v2\/media?parent=1694"}],"wp:term":[{"taxonomy":"product_brand","embeddable":true,"href":"https:\/\/espacebloomy.ca\/en\/wp-json\/wp\/v2\/product_brand?post=1694"},{"taxonomy":"product_cat","embeddable":true,"href":"https:\/\/espacebloomy.ca\/en\/wp-json\/wp\/v2\/product_cat?post=1694"},{"taxonomy":"product_tag","embeddable":true,"href":"https:\/\/espacebloomy.ca\/en\/wp-json\/wp\/v2\/product_tag?post=1694"}],"curies":[{"name":"wp","href":"https:\/\/api.w.org\/{rel}","templated":true}]}}