{"id":169,"date":"2023-05-04T10:32:21","date_gmt":"2023-05-04T14:32:21","guid":{"rendered":"https:\/\/espacebloomy.ca\/?post_type=product&#038;p=169"},"modified":"2023-05-29T10:48:33","modified_gmt":"2023-05-29T14:48:33","slug":"couvercle-20oz","status":"publish","type":"product","link":"https:\/\/espacebloomy.ca\/en\/product\/couvercle-20oz\/","title":{"rendered":"20oz lid"},"content":{"rendered":"<p>Pr\u00e9voir un d\u00e9lai de confection de 4 \u00e0 5 jours ouvrables.<\/p>\n<p>*Paille non incluse<\/p>\n<p>**********************************************************<\/p>\n<p>Please allow a processing time up to 4 to 5 business days.<\/p>\n<div class=\"product__description rte quick-add-hidden\">*The straw isn&rsquo;t included<\/div>","protected":false},"excerpt":{"rendered":"<p>Pr\u00e9voir un d\u00e9lai de confection de 4 \u00e0 5 jours ouvrables. *Paille non incluse ********************************************************** Please allow a processing time up to 4 to 5 business days. *The straw isn&rsquo;t included<\/p>","protected":false},"featured_media":170,"comment_status":"open","ping_status":"closed","template":"","meta":{"_et_pb_use_builder":"off","_et_pb_old_content":"Pr\u00e9voir un d\u00e9lai de confection de 4 \u00e0 5 jours ouvrables.\r\n\r\n*Paille non incluse\r\n\r\n**********************************************************\r\n\r\nPlease allow a processing time up to 4 to 5 business days.\r\n<div class=\"product__description rte quick-add-hidden\">\r\n\r\n*The straw isn't included\r\n\r\n<\/div>","_et_gb_content_width":""},"product_brand":[],"product_cat":[30,26],"product_tag":[],"class_list":{"0":"post-169","1":"product","2":"type-product","3":"status-publish","4":"has-post-thumbnail","6":"product_cat-accessoires","7":"product_cat-cup","9":"first","10":"instock","11":"taxable","12":"shipping-taxable","13":"purchasable","14":"product-type-simple"},"aioseo_notices":[],"jetpack_sharing_enabled":true,"_links":{"self":[{"href":"https:\/\/espacebloomy.ca\/en\/wp-json\/wp\/v2\/product\/169","targetHints":{"allow":["GET"]}}],"collection":[{"href":"https:\/\/espacebloomy.ca\/en\/wp-json\/wp\/v2\/product"}],"about":[{"href":"https:\/\/espacebloomy.ca\/en\/wp-json\/wp\/v2\/types\/product"}],"replies":[{"embeddable":true,"href":"https:\/\/espacebloomy.ca\/en\/wp-json\/wp\/v2\/comments?post=169"}],"wp:featuredmedia":[{"embeddable":true,"href":"https:\/\/espacebloomy.ca\/en\/wp-json\/wp\/v2\/media\/170"}],"wp:attachment":[{"href":"https:\/\/espacebloomy.ca\/en\/wp-json\/wp\/v2\/media?parent=169"}],"wp:term":[{"taxonomy":"product_brand","embeddable":true,"href":"https:\/\/espacebloomy.ca\/en\/wp-json\/wp\/v2\/product_brand?post=169"},{"taxonomy":"product_cat","embeddable":true,"href":"https:\/\/espacebloomy.ca\/en\/wp-json\/wp\/v2\/product_cat?post=169"},{"taxonomy":"product_tag","embeddable":true,"href":"https:\/\/espacebloomy.ca\/en\/wp-json\/wp\/v2\/product_tag?post=169"}],"curies":[{"name":"wp","href":"https:\/\/api.w.org\/{rel}","templated":true}]}}