{"id":1566,"date":"2024-01-13T11:12:04","date_gmt":"2024-01-13T15:12:04","guid":{"rendered":"https:\/\/espacebloomy.ca\/?post_type=product&#038;p=1566"},"modified":"2024-01-13T13:54:22","modified_gmt":"2024-01-13T17:54:22","slug":"hoodie-mamaroses","status":"publish","type":"product","link":"https:\/\/espacebloomy.ca\/en\/product\/hoodie-mamaroses\/","title":{"rendered":"Hoodie mama&amp;roses"},"content":{"rendered":"<p>Magnifique hoodie 100% polyester doubl\u00e9 et infiniment doux \u00e0 l&rsquo;int\u00e9rieur. Arrive en bas hanches.<\/p>\n<p>\u00c9crivez- nous l&rsquo;ann\u00e9e o\u00f9 vous \u00eates devenue maman pour avoir votre hoodie personnalis\u00e9 !<\/p>\n<p>D\u00e9lais de confection de 7-14 jours ouvrables.<\/p>","protected":false},"excerpt":{"rendered":"<p>Magnifique hoodie 100% polyester doubl\u00e9 et infiniment doux \u00e0 l&rsquo;int\u00e9rieur. Arrive en bas hanches. \u00c9crivez- nous l&rsquo;ann\u00e9e o\u00f9 vous \u00eates devenue maman pour avoir votre hoodie personnalis\u00e9 ! D\u00e9lais de confection de 7-14 jours ouvrables.<\/p>","protected":false},"featured_media":1565,"comment_status":"open","ping_status":"closed","template":"","meta":{"_et_pb_use_builder":"","_et_pb_old_content":"","_et_gb_content_width":""},"product_brand":[],"product_cat":[24,38,27,22],"product_tag":[],"class_list":{"0":"post-1566","1":"product","2":"type-product","3":"status-publish","4":"has-post-thumbnail","6":"product_cat-crewneck","7":"product_cat-crewneck-personnalisable","8":"product_cat-mama","9":"product_cat-clothes","11":"first","12":"instock","13":"featured","14":"taxable","15":"shipping-taxable","16":"purchasable","17":"product-type-variable"},"aioseo_notices":[],"jetpack_sharing_enabled":true,"_links":{"self":[{"href":"https:\/\/espacebloomy.ca\/en\/wp-json\/wp\/v2\/product\/1566","targetHints":{"allow":["GET"]}}],"collection":[{"href":"https:\/\/espacebloomy.ca\/en\/wp-json\/wp\/v2\/product"}],"about":[{"href":"https:\/\/espacebloomy.ca\/en\/wp-json\/wp\/v2\/types\/product"}],"replies":[{"embeddable":true,"href":"https:\/\/espacebloomy.ca\/en\/wp-json\/wp\/v2\/comments?post=1566"}],"wp:featuredmedia":[{"embeddable":true,"href":"https:\/\/espacebloomy.ca\/en\/wp-json\/wp\/v2\/media\/1565"}],"wp:attachment":[{"href":"https:\/\/espacebloomy.ca\/en\/wp-json\/wp\/v2\/media?parent=1566"}],"wp:term":[{"taxonomy":"product_brand","embeddable":true,"href":"https:\/\/espacebloomy.ca\/en\/wp-json\/wp\/v2\/product_brand?post=1566"},{"taxonomy":"product_cat","embeddable":true,"href":"https:\/\/espacebloomy.ca\/en\/wp-json\/wp\/v2\/product_cat?post=1566"},{"taxonomy":"product_tag","embeddable":true,"href":"https:\/\/espacebloomy.ca\/en\/wp-json\/wp\/v2\/product_tag?post=1566"}],"curies":[{"name":"wp","href":"https:\/\/api.w.org\/{rel}","templated":true}]}}