{"id":144,"date":"2023-05-03T14:03:27","date_gmt":"2023-05-03T18:03:27","guid":{"rendered":"https:\/\/espacebloomy.ca\/?post_type=product&#038;p=144"},"modified":"2023-05-29T10:48:36","modified_gmt":"2023-05-29T14:48:36","slug":"my-plants-are-thriving","status":"publish","type":"product","link":"https:\/\/espacebloomy.ca\/en\/product\/my-plants-are-thriving\/","title":{"rendered":"My plants are thriving"},"content":{"rendered":"<p>50% coton, 50% polyester<\/p>\n<p>Pour une meilleure durabilit\u00e9 de l&rsquo;impression, laver \u00e0 l&rsquo;envers \u00e0 l&rsquo;eau froide et suspendre pour s\u00e9cher.<\/p>\n<p>*********************************************************<\/p>\n<p>50% cotton, 50% polyester<\/p>\n<p>To help printing last as long as possible, turn the garment inside-out, machine wash cold and hang dry.<\/p>","protected":false},"excerpt":{"rendered":"<p>50% coton, 50% polyester Pour une meilleure durabilit\u00e9 de l&rsquo;impression, laver \u00e0 l&rsquo;envers \u00e0 l&rsquo;eau froide et suspendre pour s\u00e9cher. ********************************************************* 50% cotton, 50% polyester To help printing last as long as possible, turn the garment inside-out, machine wash cold and hang dry.<\/p>","protected":false},"featured_media":203,"comment_status":"open","ping_status":"closed","template":"","meta":{"_et_pb_use_builder":"","_et_pb_old_content":"","_et_gb_content_width":""},"product_brand":[],"product_cat":[24,22],"product_tag":[],"class_list":{"0":"post-144","1":"product","2":"type-product","3":"status-publish","4":"has-post-thumbnail","6":"product_cat-crewneck","7":"product_cat-clothes","9":"first","10":"instock","11":"taxable","12":"shipping-taxable","13":"purchasable","14":"product-type-variable"},"aioseo_notices":[],"jetpack_sharing_enabled":true,"_links":{"self":[{"href":"https:\/\/espacebloomy.ca\/en\/wp-json\/wp\/v2\/product\/144","targetHints":{"allow":["GET"]}}],"collection":[{"href":"https:\/\/espacebloomy.ca\/en\/wp-json\/wp\/v2\/product"}],"about":[{"href":"https:\/\/espacebloomy.ca\/en\/wp-json\/wp\/v2\/types\/product"}],"replies":[{"embeddable":true,"href":"https:\/\/espacebloomy.ca\/en\/wp-json\/wp\/v2\/comments?post=144"}],"wp:featuredmedia":[{"embeddable":true,"href":"https:\/\/espacebloomy.ca\/en\/wp-json\/wp\/v2\/media\/203"}],"wp:attachment":[{"href":"https:\/\/espacebloomy.ca\/en\/wp-json\/wp\/v2\/media?parent=144"}],"wp:term":[{"taxonomy":"product_brand","embeddable":true,"href":"https:\/\/espacebloomy.ca\/en\/wp-json\/wp\/v2\/product_brand?post=144"},{"taxonomy":"product_cat","embeddable":true,"href":"https:\/\/espacebloomy.ca\/en\/wp-json\/wp\/v2\/product_cat?post=144"},{"taxonomy":"product_tag","embeddable":true,"href":"https:\/\/espacebloomy.ca\/en\/wp-json\/wp\/v2\/product_tag?post=144"}],"curies":[{"name":"wp","href":"https:\/\/api.w.org\/{rel}","templated":true}]}}