{"id":143,"date":"2023-05-03T14:02:19","date_gmt":"2023-05-03T18:02:19","guid":{"rendered":"https:\/\/espacebloomy.ca\/?post_type=product&#038;p=143"},"modified":"2024-01-13T11:34:31","modified_gmt":"2024-01-13T15:34:31","slug":"crew-neck-personnalise","status":"publish","type":"product","link":"https:\/\/espacebloomy.ca\/en\/product\/crew-neck-personnalise\/","title":{"rendered":"Custom crewneck"},"content":{"rendered":"<p>**Envoyez-nous vos images ou th\u00e8mes \u00e0 info@espacebloomy.ca avec vos coordonn\u00e9es.<br \/>\nNous ne somme pas responsables d&rsquo;un rendu qui ne serait pas optimal en lien avec la qualit\u00e9 de l&rsquo;image. Nous vous enverrons une maquette avant de passer \u00e0 l&rsquo;impression finale.**<\/p>\n<p>50% coton, 50% polyester<\/p>\n<p>Pour une meilleure durabilit\u00e9 de l&rsquo;impression, laver \u00e0 l&rsquo;envers \u00e0 l&rsquo;eau froide et suspendre pour s\u00e9cher.<\/p>\n<p>*********************************************************<\/p>\n<p>**Send us your images or themes at info@espacebloomy.ca with your contact. We are not responsible for a rendering that would not be optimal in relation to the image quality. In case of doubt, we can provide you with choices of images ready for use. We will send you a mock-up before we go to final printing.**<\/p>\n<p>50% cotton, 50% polyester<\/p>\n<p>To help printing last as long as possible, turn the garment inside-out, machine wash cold and hang dry.<\/p>","protected":false},"excerpt":{"rendered":"<p>**Envoyez-nous vos images ou th\u00e8mes \u00e0 info@espacebloomy.ca avec vos coordonn\u00e9es. Nous ne somme pas responsables d&rsquo;un rendu qui ne serait pas optimal en lien avec la qualit\u00e9 de l&rsquo;image. Nous vous enverrons une maquette avant de passer \u00e0 l&rsquo;impression finale.** 50% coton, 50% polyester Pour une meilleure durabilit\u00e9 de l&rsquo;impression, laver \u00e0 l&rsquo;envers \u00e0 l&rsquo;eau [&hellip;]<\/p>\n","protected":false},"featured_media":1072,"comment_status":"open","ping_status":"closed","template":"","meta":{"_et_pb_use_builder":"on","_et_pb_old_content":"**Envoyez-nous vos images ou th\u00e8mes \u00e0 info@espacebloomy.ca avec vos coordonn\u00e9es.\r\nNous ne somme pas responsables d'un rendu qui ne serait pas optimal en lien avec la qualit\u00e9 de l'image. Nous vous enverrons une maquette avant de passer \u00e0 l'impression finale.**\r\n\r\n50% coton, 50% polyester\r\n\r\nPour une meilleure durabilit\u00e9 de l'impression, laver \u00e0 l'envers \u00e0 l'eau froide et suspendre pour s\u00e9cher.\r\n\r\n*********************************************************\r\n\r\n**Send us your images or themes at info@espacebloomy.ca with your contact. We are not responsible for a rendering that would not be optimal in relation to the image quality. In case of doubt, we can provide you with choices of images ready for use. We will send you a mock-up before we go to final printing.**\r\n\r\n50% cotton, 50% polyester\r\n\r\nTo help printing last as long as possible, turn the garment inside-out, machine wash cold and hang dry.","_et_gb_content_width":""},"product_brand":[],"product_cat":[24,38,22],"product_tag":[],"class_list":{"0":"post-143","1":"product","2":"type-product","3":"status-publish","4":"has-post-thumbnail","6":"product_cat-crewneck","7":"product_cat-crewneck-personnalisable","8":"product_cat-clothes","10":"first","11":"instock","12":"taxable","13":"shipping-taxable","14":"purchasable","15":"product-type-variable"},"aioseo_notices":[],"jetpack_sharing_enabled":true,"_links":{"self":[{"href":"https:\/\/espacebloomy.ca\/en\/wp-json\/wp\/v2\/product\/143","targetHints":{"allow":["GET"]}}],"collection":[{"href":"https:\/\/espacebloomy.ca\/en\/wp-json\/wp\/v2\/product"}],"about":[{"href":"https:\/\/espacebloomy.ca\/en\/wp-json\/wp\/v2\/types\/product"}],"replies":[{"embeddable":true,"href":"https:\/\/espacebloomy.ca\/en\/wp-json\/wp\/v2\/comments?post=143"}],"wp:featuredmedia":[{"embeddable":true,"href":"https:\/\/espacebloomy.ca\/en\/wp-json\/wp\/v2\/media\/1072"}],"wp:attachment":[{"href":"https:\/\/espacebloomy.ca\/en\/wp-json\/wp\/v2\/media?parent=143"}],"wp:term":[{"taxonomy":"product_brand","embeddable":true,"href":"https:\/\/espacebloomy.ca\/en\/wp-json\/wp\/v2\/product_brand?post=143"},{"taxonomy":"product_cat","embeddable":true,"href":"https:\/\/espacebloomy.ca\/en\/wp-json\/wp\/v2\/product_cat?post=143"},{"taxonomy":"product_tag","embeddable":true,"href":"https:\/\/espacebloomy.ca\/en\/wp-json\/wp\/v2\/product_tag?post=143"}],"curies":[{"name":"wp","href":"https:\/\/api.w.org\/{rel}","templated":true}]}}