{"id":140,"date":"2023-05-03T13:45:49","date_gmt":"2023-05-03T17:45:49","guid":{"rendered":"https:\/\/espacebloomy.ca\/?post_type=product&#038;p=140"},"modified":"2024-01-13T11:38:19","modified_gmt":"2024-01-13T15:38:19","slug":"till-death","status":"publish","type":"product","link":"https:\/\/espacebloomy.ca\/en\/product\/till-death\/","title":{"rendered":"&lsquo;Till death"},"content":{"rendered":"<p>Camisole 100% coton.<\/p>\n<p>Pour une meilleure durabilit\u00e9 de l&rsquo;impression, laver \u00e0 l&rsquo;envers \u00e0 l&rsquo;eau froide et suspendre pour s\u00e9cher.<\/p>\n<p>*********************************************************<\/p>\n<p>Tank top 100% cotton.<\/p>\n<p>To help printing last as long as possible, turn the garment inside-out, machine wash cold and hang dry.<\/p>","protected":false},"excerpt":{"rendered":"<p>Camisole 100% coton. Pour une meilleure durabilit\u00e9 de l&rsquo;impression, laver \u00e0 l&rsquo;envers \u00e0 l&rsquo;eau froide et suspendre pour s\u00e9cher. ********************************************************* Tank top 100% cotton. To help printing last as long as possible, turn the garment inside-out, machine wash cold and hang dry.<\/p>","protected":false},"featured_media":216,"comment_status":"open","ping_status":"closed","template":"","meta":{"_et_pb_use_builder":"","_et_pb_old_content":"","_et_gb_content_width":""},"product_brand":[],"product_cat":[23,22],"product_tag":[],"class_list":{"0":"post-140","1":"product","2":"type-product","3":"status-publish","4":"has-post-thumbnail","6":"product_cat-tanktop","7":"product_cat-clothes","9":"first","10":"instock","11":"taxable","12":"shipping-taxable","13":"purchasable","14":"product-type-variable"},"aioseo_notices":[],"jetpack_sharing_enabled":true,"_links":{"self":[{"href":"https:\/\/espacebloomy.ca\/en\/wp-json\/wp\/v2\/product\/140","targetHints":{"allow":["GET"]}}],"collection":[{"href":"https:\/\/espacebloomy.ca\/en\/wp-json\/wp\/v2\/product"}],"about":[{"href":"https:\/\/espacebloomy.ca\/en\/wp-json\/wp\/v2\/types\/product"}],"replies":[{"embeddable":true,"href":"https:\/\/espacebloomy.ca\/en\/wp-json\/wp\/v2\/comments?post=140"}],"wp:featuredmedia":[{"embeddable":true,"href":"https:\/\/espacebloomy.ca\/en\/wp-json\/wp\/v2\/media\/216"}],"wp:attachment":[{"href":"https:\/\/espacebloomy.ca\/en\/wp-json\/wp\/v2\/media?parent=140"}],"wp:term":[{"taxonomy":"product_brand","embeddable":true,"href":"https:\/\/espacebloomy.ca\/en\/wp-json\/wp\/v2\/product_brand?post=140"},{"taxonomy":"product_cat","embeddable":true,"href":"https:\/\/espacebloomy.ca\/en\/wp-json\/wp\/v2\/product_cat?post=140"},{"taxonomy":"product_tag","embeddable":true,"href":"https:\/\/espacebloomy.ca\/en\/wp-json\/wp\/v2\/product_tag?post=140"}],"curies":[{"name":"wp","href":"https:\/\/api.w.org\/{rel}","templated":true}]}}