{"id":138,"date":"2023-05-03T13:36:26","date_gmt":"2023-05-03T17:36:26","guid":{"rendered":"https:\/\/espacebloomy.ca\/?post_type=product&#038;p=138"},"modified":"2023-12-29T00:02:07","modified_gmt":"2023-12-29T04:02:07","slug":"gobelet-a-personnaliser","status":"publish","type":"product","link":"https:\/\/espacebloomy.ca\/en\/product\/gobelet-a-personnaliser\/","title":{"rendered":"Gobelet \u00e0 personnaliser"},"content":{"rendered":"<p>**ENGLISH WILL FOLLOW**<\/p>\n<p>Envoyez-nous votre image au<strong>\u00a0info@espacebloomy.ca<\/strong> au format .PNG, .SVG ou .PDF ainsi que le pr\u00e9nom \u00e0 inscrire, si vous le souhaitez. Nous ne sommes pas responsables d\u2019une mauvaise qualit\u00e9 d\u2019impression en lien avec la qualit\u00e9 de l\u2019image. Nous pouvons aussi vous proposer 1-2 images de notre banque d\u2019images si vous avez un th\u00e8me pr\u00e9cis.<\/p>\n<p>Tasse imprim\u00e9e \u00e0 la main, finit lustr\u00e9. Fait en acier inoxydable. Le gobelet pour enfant vient avec 2 couvercles diff\u00e9rents.<\/p>\n<p>Pr\u00e9voir un d\u00e9lai de confection de 4 \u00e0 5 jours ouvrables.<\/p>\n<p>&nbsp;<\/p>\n<p>Formats: 13 oz.<br \/>\nPour une meilleur durabilit\u00e9, laver \u00e0 la main.<br \/>\nLes couleurs peuvent l\u00e9g\u00e8rement diff\u00e9rer de celles \u00e0 l&rsquo;\u00e9cran.<\/p>\n<p>&nbsp;<\/p>\n<p>**********************************************************<\/p>\n<p>Send us your image at\u00a0<strong>info@espacebloomy.ca<\/strong>\u00a0in .PNG, .SVG or .PDF. and the nameto write. We are not responsible of a bad result because of the bad quality of your image. We can also propose 1-2 images form ou bank of you have a theme.<\/p>\n<p>Handprinted tumbler, glossy finish. Made in stainless steel. Sippy cup comes with two differents lids.<\/p>\n<p>Please allow a processing time up to 4 to 5 business days.<\/p>\n<p>&nbsp;<\/p>\n<p>Size: 13 oz.<br \/>\nFor a better durability, handwash only.<br \/>\nColors can appear slightly different than on screen.<\/p>","protected":false},"excerpt":{"rendered":"<p>**ENGLISH WILL FOLLOW** Envoyez-nous votre image au\u00a0info@espacebloomy.ca au format .PNG, .SVG ou .PDF ainsi que le pr\u00e9nom \u00e0 inscrire, si vous le souhaitez. Nous ne sommes pas responsables d\u2019une mauvaise qualit\u00e9 d\u2019impression en lien avec la qualit\u00e9 de l\u2019image. Nous pouvons aussi vous proposer 1-2 images de notre banque d\u2019images si vous avez un th\u00e8me [&hellip;]<\/p>\n","protected":false},"featured_media":172,"comment_status":"open","ping_status":"closed","template":"","meta":{"_et_pb_use_builder":"","_et_pb_old_content":"","_et_gb_content_width":""},"product_brand":[],"product_cat":[39,27,26],"product_tag":[],"class_list":{"0":"post-138","1":"product","2":"type-product","3":"status-publish","4":"has-post-thumbnail","6":"product_cat-gobelets-personnalisables","7":"product_cat-mama","8":"product_cat-cup","10":"first","11":"instock","12":"taxable","13":"shipping-taxable","14":"purchasable","15":"product-type-simple"},"aioseo_notices":[],"jetpack_sharing_enabled":true,"_links":{"self":[{"href":"https:\/\/espacebloomy.ca\/en\/wp-json\/wp\/v2\/product\/138","targetHints":{"allow":["GET"]}}],"collection":[{"href":"https:\/\/espacebloomy.ca\/en\/wp-json\/wp\/v2\/product"}],"about":[{"href":"https:\/\/espacebloomy.ca\/en\/wp-json\/wp\/v2\/types\/product"}],"replies":[{"embeddable":true,"href":"https:\/\/espacebloomy.ca\/en\/wp-json\/wp\/v2\/comments?post=138"}],"wp:featuredmedia":[{"embeddable":true,"href":"https:\/\/espacebloomy.ca\/en\/wp-json\/wp\/v2\/media\/172"}],"wp:attachment":[{"href":"https:\/\/espacebloomy.ca\/en\/wp-json\/wp\/v2\/media?parent=138"}],"wp:term":[{"taxonomy":"product_brand","embeddable":true,"href":"https:\/\/espacebloomy.ca\/en\/wp-json\/wp\/v2\/product_brand?post=138"},{"taxonomy":"product_cat","embeddable":true,"href":"https:\/\/espacebloomy.ca\/en\/wp-json\/wp\/v2\/product_cat?post=138"},{"taxonomy":"product_tag","embeddable":true,"href":"https:\/\/espacebloomy.ca\/en\/wp-json\/wp\/v2\/product_tag?post=138"}],"curies":[{"name":"wp","href":"https:\/\/api.w.org\/{rel}","templated":true}]}}