{"id":137,"date":"2023-05-03T13:33:48","date_gmt":"2023-05-03T17:33:48","guid":{"rendered":"https:\/\/espacebloomy.ca\/?post_type=product&#038;p=137"},"modified":"2023-12-29T00:02:20","modified_gmt":"2023-12-29T04:02:20","slug":"jouet-de-dentition","status":"publish","type":"product","link":"https:\/\/espacebloomy.ca\/en\/product\/jouet-de-dentition\/","title":{"rendered":"Teething toy"},"content":{"rendered":"<p>Partagez votre amour pour les plantes avec b\u00e9b\u00e9! Laissez-le d\u00e9couvrir des textures ainsi que croquer dans une feuille sans crainte pour sa sant\u00e9, ou celle de vos plantes. S&rsquo;attache sans probl\u00e8me \u00e0 un attache-suce.<\/p>\n<p>Pour l&rsquo;envoi postal en enveloppe (3$) s\u00e9lectionnez le produit portant ce nom (Envoi postal) dans notre boutique, puis ramassage au checkout.<\/p>\n<p>11cm x 8 cm<br \/>\n100% non toxique, fait de silicone, sans BPA<br \/>\nNettoyer avant usage avec un savon doux<\/p>","protected":false},"excerpt":{"rendered":"<p>Partagez votre amour pour les plantes avec b\u00e9b\u00e9! Laissez-le d\u00e9couvrir des textures ainsi que croquer dans une feuille sans crainte pour sa sant\u00e9, ou celle de vos plantes. S&rsquo;attache sans probl\u00e8me \u00e0 un attache-suce. Pour l&rsquo;envoi postal en enveloppe (3$) s\u00e9lectionnez le produit portant ce nom (Envoi postal) dans notre boutique, puis ramassage au checkout. [&hellip;]<\/p>\n","protected":false},"featured_media":229,"comment_status":"open","ping_status":"closed","template":"","meta":{"_et_pb_use_builder":"","_et_pb_old_content":"","_et_gb_content_width":""},"product_brand":[],"product_cat":[30,27],"product_tag":[],"class_list":{"0":"post-137","1":"product","2":"type-product","3":"status-publish","4":"has-post-thumbnail","6":"product_cat-accessoires","7":"product_cat-mama","9":"first","10":"instock","11":"taxable","12":"shipping-taxable","13":"purchasable","14":"product-type-variable"},"aioseo_notices":[],"jetpack_sharing_enabled":true,"_links":{"self":[{"href":"https:\/\/espacebloomy.ca\/en\/wp-json\/wp\/v2\/product\/137","targetHints":{"allow":["GET"]}}],"collection":[{"href":"https:\/\/espacebloomy.ca\/en\/wp-json\/wp\/v2\/product"}],"about":[{"href":"https:\/\/espacebloomy.ca\/en\/wp-json\/wp\/v2\/types\/product"}],"replies":[{"embeddable":true,"href":"https:\/\/espacebloomy.ca\/en\/wp-json\/wp\/v2\/comments?post=137"}],"wp:featuredmedia":[{"embeddable":true,"href":"https:\/\/espacebloomy.ca\/en\/wp-json\/wp\/v2\/media\/229"}],"wp:attachment":[{"href":"https:\/\/espacebloomy.ca\/en\/wp-json\/wp\/v2\/media?parent=137"}],"wp:term":[{"taxonomy":"product_brand","embeddable":true,"href":"https:\/\/espacebloomy.ca\/en\/wp-json\/wp\/v2\/product_brand?post=137"},{"taxonomy":"product_cat","embeddable":true,"href":"https:\/\/espacebloomy.ca\/en\/wp-json\/wp\/v2\/product_cat?post=137"},{"taxonomy":"product_tag","embeddable":true,"href":"https:\/\/espacebloomy.ca\/en\/wp-json\/wp\/v2\/product_tag?post=137"}],"curies":[{"name":"wp","href":"https:\/\/api.w.org\/{rel}","templated":true}]}}