{"id":136,"date":"2023-05-03T13:31:09","date_gmt":"2023-05-03T17:31:09","guid":{"rendered":"https:\/\/espacebloomy.ca\/?post_type=product&#038;p=136"},"modified":"2023-12-29T00:02:13","modified_gmt":"2023-12-29T04:02:13","slug":"pop-socket-poignee-de-telephone","status":"publish","type":"product","link":"https:\/\/espacebloomy.ca\/en\/product\/pop-socket-poignee-de-telephone\/","title":{"rendered":"Phone grip"},"content":{"rendered":"<p>L&rsquo;accessoire parfait pour votre t\u00e9l\u00e9phone! Se colle \u00e0 votre \u00e9tui pour l&rsquo;enjoliver.<\/p>\n<p>Pour l&rsquo;envoi postal en enveloppe (3$) s\u00e9lectionnez le produit portant ce nom (Envoi postal) dans notre boutique.<\/p>\n<p>Mentionnez-nous au info@espacebloomy.ca votre mod\u00e8le choisi ainsi que votre num\u00e9ro de commande .<\/p>","protected":false},"excerpt":{"rendered":"<p>L&rsquo;accessoire parfait pour votre t\u00e9l\u00e9phone! Se colle \u00e0 votre \u00e9tui pour l&rsquo;enjoliver. Pour l&rsquo;envoi postal en enveloppe (3$) s\u00e9lectionnez le produit portant ce nom (Envoi postal) dans notre boutique. Mentionnez-nous au info@espacebloomy.ca votre mod\u00e8le choisi ainsi que votre num\u00e9ro de commande .<\/p>","protected":false},"featured_media":174,"comment_status":"open","ping_status":"closed","template":"","meta":{"_et_pb_use_builder":"","_et_pb_old_content":"","_et_gb_content_width":""},"product_brand":[],"product_cat":[30],"product_tag":[],"class_list":{"0":"post-136","1":"product","2":"type-product","3":"status-publish","4":"has-post-thumbnail","6":"product_cat-accessoires","8":"first","9":"instock","10":"featured","11":"taxable","12":"shipping-taxable","13":"purchasable","14":"product-type-simple"},"aioseo_notices":[],"jetpack_sharing_enabled":true,"_links":{"self":[{"href":"https:\/\/espacebloomy.ca\/en\/wp-json\/wp\/v2\/product\/136","targetHints":{"allow":["GET"]}}],"collection":[{"href":"https:\/\/espacebloomy.ca\/en\/wp-json\/wp\/v2\/product"}],"about":[{"href":"https:\/\/espacebloomy.ca\/en\/wp-json\/wp\/v2\/types\/product"}],"replies":[{"embeddable":true,"href":"https:\/\/espacebloomy.ca\/en\/wp-json\/wp\/v2\/comments?post=136"}],"wp:featuredmedia":[{"embeddable":true,"href":"https:\/\/espacebloomy.ca\/en\/wp-json\/wp\/v2\/media\/174"}],"wp:attachment":[{"href":"https:\/\/espacebloomy.ca\/en\/wp-json\/wp\/v2\/media?parent=136"}],"wp:term":[{"taxonomy":"product_brand","embeddable":true,"href":"https:\/\/espacebloomy.ca\/en\/wp-json\/wp\/v2\/product_brand?post=136"},{"taxonomy":"product_cat","embeddable":true,"href":"https:\/\/espacebloomy.ca\/en\/wp-json\/wp\/v2\/product_cat?post=136"},{"taxonomy":"product_tag","embeddable":true,"href":"https:\/\/espacebloomy.ca\/en\/wp-json\/wp\/v2\/product_tag?post=136"}],"curies":[{"name":"wp","href":"https:\/\/api.w.org\/{rel}","templated":true}]}}