{"id":1352,"date":"2023-11-14T11:21:38","date_gmt":"2023-11-14T15:21:38","guid":{"rendered":"https:\/\/espacebloomy.ca\/?post_type=product&#038;p=1352"},"modified":"2023-11-14T11:30:35","modified_gmt":"2023-11-14T15:30:35","slug":"je-suis-educatrice-enseignante","status":"publish","type":"product","link":"https:\/\/espacebloomy.ca\/en\/product\/je-suis-educatrice-enseignante\/","title":{"rendered":"Je suis \u00e9ducatrice\/enseignant(e)"},"content":{"rendered":"<p>La meilleure mani\u00e8re de remercier ces personnes qui s&rsquo;occupe si bien de nos enfants? Un verre dans lequel boire leur breuvage favorite un fois la journ\u00e9e termin\u00e9e!<\/p>\n<p>Ajoutez une touche personnalis\u00e9e en inscrivant le pr\u00e9nom de la personne de l&rsquo;autre c\u00f4t\u00e9. Simplement nous le mentionner par courriel au info@espacebloomy.ca ou via Messenger sur Facebook (Bloomy Espace V\u00e9g\u00e9tal) en indiquant votre num\u00e9ro de commande.<\/p>\n<p>Format 12oz<\/p>\n<p>Couvercle qui se ferme<\/p>\n<p>Contenant isotherme<\/p>","protected":false},"excerpt":{"rendered":"<p>La meilleure mani\u00e8re de remercier ces personnes qui s&rsquo;occupe si bien de nos enfants? Un verre dans lequel boire leur breuvage favorite un fois la journ\u00e9e termin\u00e9e! Ajoutez une touche personnalis\u00e9e en inscrivant le pr\u00e9nom de la personne de l&rsquo;autre c\u00f4t\u00e9. Simplement nous le mentionner par courriel au info@espacebloomy.ca ou via Messenger sur Facebook (Bloomy [&hellip;]<\/p>\n","protected":false},"featured_media":1351,"comment_status":"open","ping_status":"closed","template":"","meta":{"_et_pb_use_builder":"","_et_pb_old_content":"","_et_gb_content_width":""},"product_brand":[],"product_cat":[26,37,94],"product_tag":[],"class_list":{"0":"post-1352","1":"product","2":"type-product","3":"status-publish","4":"has-post-thumbnail","6":"product_cat-cup","7":"product_cat-thermos-personnalisable","8":"product_cat-verre-a-vin","10":"first","11":"instock","12":"taxable","13":"shipping-taxable","14":"purchasable","15":"product-type-variable"},"aioseo_notices":[],"jetpack_sharing_enabled":true,"_links":{"self":[{"href":"https:\/\/espacebloomy.ca\/en\/wp-json\/wp\/v2\/product\/1352","targetHints":{"allow":["GET"]}}],"collection":[{"href":"https:\/\/espacebloomy.ca\/en\/wp-json\/wp\/v2\/product"}],"about":[{"href":"https:\/\/espacebloomy.ca\/en\/wp-json\/wp\/v2\/types\/product"}],"replies":[{"embeddable":true,"href":"https:\/\/espacebloomy.ca\/en\/wp-json\/wp\/v2\/comments?post=1352"}],"wp:featuredmedia":[{"embeddable":true,"href":"https:\/\/espacebloomy.ca\/en\/wp-json\/wp\/v2\/media\/1351"}],"wp:attachment":[{"href":"https:\/\/espacebloomy.ca\/en\/wp-json\/wp\/v2\/media?parent=1352"}],"wp:term":[{"taxonomy":"product_brand","embeddable":true,"href":"https:\/\/espacebloomy.ca\/en\/wp-json\/wp\/v2\/product_brand?post=1352"},{"taxonomy":"product_cat","embeddable":true,"href":"https:\/\/espacebloomy.ca\/en\/wp-json\/wp\/v2\/product_cat?post=1352"},{"taxonomy":"product_tag","embeddable":true,"href":"https:\/\/espacebloomy.ca\/en\/wp-json\/wp\/v2\/product_tag?post=1352"}],"curies":[{"name":"wp","href":"https:\/\/api.w.org\/{rel}","templated":true}]}}