{"id":1349,"date":"2023-11-11T13:34:32","date_gmt":"2023-11-11T17:34:32","guid":{"rendered":"https:\/\/espacebloomy.ca\/?post_type=product&#038;p=1349"},"modified":"2023-12-29T00:01:59","modified_gmt":"2023-12-29T04:01:59","slug":"champs-fleurs","status":"publish","type":"product","link":"https:\/\/espacebloomy.ca\/en\/product\/champs-fleurs\/","title":{"rendered":"Champs de fleurs \u00e0 personnaliser &#8211; Tasse thermos 20oz"},"content":{"rendered":"<p>**ENGLISH WILL FOLLOW**<\/p>\n<p>Personnalisez ce Thermos et offrez le \u00e0 une personne qui vous est ch\u00e8re. Envoyez-nous son nom au info@espacebloomy.ca ou par messenger avec votre num\u00e9ro de commande.<\/p>\n<p>Tasse imprim\u00e9e \u00e0 la main, finit lustr\u00e9. Fait en acier inoxydable, garde les boissons chaudes jusqu&rsquo;\u00e0 6 heures et celles froides jusqu&rsquo;\u00e0 12 heures.<\/p>\n<p>Pr\u00e9voir un d\u00e9lai de confection de 4 \u00e0 5 jours ouvrables.<\/p>\n<p>&nbsp;<\/p>\n<p>Pour une meilleur durabilit\u00e9, laver \u00e0 la main.<br \/>\nLes couleurs peuvent l\u00e9g\u00e8rement diff\u00e9rer de celles \u00e0 l&rsquo;\u00e9cran.<\/p>\n<p>**********************************************************<\/p>\n<p>Customize this tumbler with the name of a loved one. Write us at info@espacebloomy.ca or on messenger to give us the name, and the order&rsquo;s number.<\/p>\n<p>Handprinted tumbler, glossy finish. Made in stainless steel, can keep hot beverages up to 6 hours, and cold ones up to 12 hours.<\/p>\n<p>Please allow a processing time up to 4 to 5 business days.<\/p>\n<p>&nbsp;<\/p>\n<p>For a better durability, handwash only.<br \/>\nColors can appear slightly different than on screen.<\/p>","protected":false},"excerpt":{"rendered":"<p>**ENGLISH WILL FOLLOW** Personnalisez ce Thermos et offrez le \u00e0 une personne qui vous est ch\u00e8re. Envoyez-nous son nom au info@espacebloomy.ca ou par messenger avec votre num\u00e9ro de commande. Tasse imprim\u00e9e \u00e0 la main, finit lustr\u00e9. Fait en acier inoxydable, garde les boissons chaudes jusqu&rsquo;\u00e0 6 heures et celles froides jusqu&rsquo;\u00e0 12 heures. Pr\u00e9voir un [&hellip;]<\/p>\n","protected":false},"featured_media":1350,"comment_status":"open","ping_status":"closed","template":"","meta":{"_et_pb_use_builder":"","_et_pb_old_content":"","_et_gb_content_width":""},"product_brand":[],"product_cat":[26,37],"product_tag":[],"class_list":{"0":"post-1349","1":"product","2":"type-product","3":"status-publish","4":"has-post-thumbnail","6":"product_cat-cup","7":"product_cat-thermos-personnalisable","9":"first","10":"instock","11":"taxable","12":"shipping-taxable","13":"purchasable","14":"product-type-simple"},"aioseo_notices":[],"jetpack_sharing_enabled":true,"_links":{"self":[{"href":"https:\/\/espacebloomy.ca\/en\/wp-json\/wp\/v2\/product\/1349","targetHints":{"allow":["GET"]}}],"collection":[{"href":"https:\/\/espacebloomy.ca\/en\/wp-json\/wp\/v2\/product"}],"about":[{"href":"https:\/\/espacebloomy.ca\/en\/wp-json\/wp\/v2\/types\/product"}],"replies":[{"embeddable":true,"href":"https:\/\/espacebloomy.ca\/en\/wp-json\/wp\/v2\/comments?post=1349"}],"wp:featuredmedia":[{"embeddable":true,"href":"https:\/\/espacebloomy.ca\/en\/wp-json\/wp\/v2\/media\/1350"}],"wp:attachment":[{"href":"https:\/\/espacebloomy.ca\/en\/wp-json\/wp\/v2\/media?parent=1349"}],"wp:term":[{"taxonomy":"product_brand","embeddable":true,"href":"https:\/\/espacebloomy.ca\/en\/wp-json\/wp\/v2\/product_brand?post=1349"},{"taxonomy":"product_cat","embeddable":true,"href":"https:\/\/espacebloomy.ca\/en\/wp-json\/wp\/v2\/product_cat?post=1349"},{"taxonomy":"product_tag","embeddable":true,"href":"https:\/\/espacebloomy.ca\/en\/wp-json\/wp\/v2\/product_tag?post=1349"}],"curies":[{"name":"wp","href":"https:\/\/api.w.org\/{rel}","templated":true}]}}