{"id":122,"date":"2023-05-03T11:25:57","date_gmt":"2023-05-03T15:25:57","guid":{"rendered":"https:\/\/espacebloomy.ca\/?post_type=product&#038;p=122"},"modified":"2024-08-08T09:10:37","modified_gmt":"2024-08-08T13:10:37","slug":"mama-et-moi","status":"publish","type":"product","link":"https:\/\/espacebloomy.ca\/en\/product\/mama-et-moi\/","title":{"rendered":"Mama et moi"},"content":{"rendered":"<p>Ayez toujours vos enfants pr\u00e8s de votre coeur avec ce merveilleux crewneck personnalis\u00e9. Vous pouvez choisir d\u2019inscrire \u00ab\u00a0Mama\u00a0\u00bb ou \u00ab\u00a0Papa au col ainsi que les pr\u00e9noms de vos enfants ou leur ann\u00e9e de naissance, qui seront sur le poignet gauche. Envoyez-nous vos textes au info@espacebloomy.ca. **Attention aux fautes car nous ferons un copie-coller de votre texte personnalis\u00e9 \ud83d\ude42 50% coton, 50% polyester Pour une meilleure durabilit\u00e9 de l&rsquo;impression, laver \u00e0 l&rsquo;envers \u00e0 l&rsquo;eau froide et suspendre pour s\u00e9cher.<\/p>\n<p>*********************************************************<\/p>\n<p>Keep you children near your heart with this wonderful custom crewneck. Choose between \u00ab\u00a0Mama\u00a0\u00bb or \u00ab\u00a0Papa\u00a0\u00bb for the neck and choose between the name or birth year of your child, which will be on the left wrist. Don\u2019t forget to send us your texts at info@espacebloomy.ca . **Pay attention to the writting because we&rsquo;ll copy-paste your text! \ud83d\ude42 50% cotton, 50% polyester To help printing last as long as possible, turn the garment inside-out, machine wash cold and hang dry.<\/p>","protected":false},"excerpt":{"rendered":"<p>Ayez toujours vos enfants pr\u00e8s de votre coeur avec ce merveilleux crewneck personnalis\u00e9. Vous pouvez choisir d\u2019inscrire \u00ab\u00a0Mama\u00a0\u00bb ou \u00ab\u00a0Papa au col ainsi que les pr\u00e9noms de vos enfants ou leur ann\u00e9e de naissance, qui seront sur le poignet gauche. Envoyez-nous vos textes au info@espacebloomy.ca. **Attention aux fautes car nous ferons un copie-coller de votre [&hellip;]<\/p>\n","protected":false},"featured_media":104,"comment_status":"open","ping_status":"closed","template":"","meta":{"_et_pb_use_builder":"off","_et_pb_old_content":"Ayez toujours vos enfants pr\u00e8s de votre coeur avec ce merveilleux crewneck personnalis\u00e9. Vous pouvez choisir d\u2019inscrire \"Mama\" ou \"Papa au col ainsi que les pr\u00e9noms de vos enfants ou leur ann\u00e9e de naissance, qui seront sur le poignet gauche. Envoyez-nous vos textes au info@espacebloomy.ca.\r\n\r\n**Attention aux fautes car nous ferons un copie-coller de votre texte personnalis\u00e9 :)\r\n\r\n50% coton, 50% polyester\r\n\r\nPour une meilleure durabilit\u00e9 de l'impression, laver \u00e0 l'envers \u00e0 l'eau froide et suspendre pour s\u00e9cher.\r\n\r\n*********************************************************\r\n\r\nKeep you children near your heart with this wonderful custom crewneck. Choose between \"Mama\" or \"Papa\" for the neck and choose between the name or birth year of your child, which will be on the left wrist. Don\u2019t forget to send us your texts at info@espacebloomy.ca .\r\n\r\n**Pay attention to the writting because we'll copy-paste your text! :)\r\n\r\n50% cotton, 50% polyester\r\n\r\nTo help printing last as long as possible, turn the garment inside-out, machine wash cold and hang dry.","_et_gb_content_width":""},"product_brand":[],"product_cat":[24,22],"product_tag":[],"class_list":{"0":"post-122","1":"product","2":"type-product","3":"status-publish","4":"has-post-thumbnail","6":"product_cat-crewneck","7":"product_cat-clothes","9":"first","10":"instock","11":"taxable","12":"shipping-taxable","13":"purchasable","14":"product-type-variable"},"aioseo_notices":[],"jetpack_sharing_enabled":true,"_links":{"self":[{"href":"https:\/\/espacebloomy.ca\/en\/wp-json\/wp\/v2\/product\/122","targetHints":{"allow":["GET"]}}],"collection":[{"href":"https:\/\/espacebloomy.ca\/en\/wp-json\/wp\/v2\/product"}],"about":[{"href":"https:\/\/espacebloomy.ca\/en\/wp-json\/wp\/v2\/types\/product"}],"replies":[{"embeddable":true,"href":"https:\/\/espacebloomy.ca\/en\/wp-json\/wp\/v2\/comments?post=122"}],"wp:featuredmedia":[{"embeddable":true,"href":"https:\/\/espacebloomy.ca\/en\/wp-json\/wp\/v2\/media\/104"}],"wp:attachment":[{"href":"https:\/\/espacebloomy.ca\/en\/wp-json\/wp\/v2\/media?parent=122"}],"wp:term":[{"taxonomy":"product_brand","embeddable":true,"href":"https:\/\/espacebloomy.ca\/en\/wp-json\/wp\/v2\/product_brand?post=122"},{"taxonomy":"product_cat","embeddable":true,"href":"https:\/\/espacebloomy.ca\/en\/wp-json\/wp\/v2\/product_cat?post=122"},{"taxonomy":"product_tag","embeddable":true,"href":"https:\/\/espacebloomy.ca\/en\/wp-json\/wp\/v2\/product_tag?post=122"}],"curies":[{"name":"wp","href":"https:\/\/api.w.org\/{rel}","templated":true}]}}