{"id":121,"date":"2023-05-03T11:24:29","date_gmt":"2023-05-03T15:24:29","guid":{"rendered":"https:\/\/espacebloomy.ca\/?post_type=product&#038;p=121"},"modified":"2023-12-10T19:57:30","modified_gmt":"2023-12-10T23:57:30","slug":"tasse-thermos-20oz-personnalisee","status":"publish","type":"product","link":"https:\/\/espacebloomy.ca\/en\/product\/tasse-thermos-20oz-personnalisee\/","title":{"rendered":"Custom tumbler"},"content":{"rendered":"<p>**ENGLISH WILL FOLLOW**<\/p>\n<p>Envoyez-nous vos images ou th\u00e8mes \u00e0 info@espacebloomy.ca avec vos coordonn\u00e9es. Nous ne somme pas responsables d&rsquo;un rendu qui ne serait pas optimal en lien avec la qualit\u00e9 de l&rsquo;image. En cas de doute, nous pouvons vous fournir des choix d&rsquo;images pr\u00eates \u00e0 \u00eatre utilis\u00e9es. Nous vous enverrons une maquette avant de passer \u00e0 l&rsquo;impression finale. Des frais de graphisme de 10$ s&rsquo;ajouteront si nous devons faire un montage visuel.<\/p>\n<p>** Tasse imprim\u00e9e \u00e0 la main, finit lustr\u00e9. Fait en acier inoxydable, garde les boissons chaudes jusqu&rsquo;\u00e0 6 heures et celles froides jusqu&rsquo;\u00e0 12 heures.** Pr\u00e9voir un d\u00e9lai de confection de 4 \u00e0 5 jours ouvrables. &nbsp; Pour une meilleur durabilit\u00e9, laver \u00e0 la main. Les couleurs peuvent l\u00e9g\u00e8rement diff\u00e9rer de celles \u00e0 l&rsquo;\u00e9cran.<\/p>\n<p>*Paille non incluse<\/p>\n<p>************************************************************<\/p>\n<p>Send us your images or themes at info@espacebloomy.ca with your contact. We are not responsible for a rendering that would not be optimal in relation to the image quality. In case of doubt, we can provide you with choices of images ready for use. We will send you a mock-up before we go to final printing.** Handprinted tumbler, glossy finish. Made in stainless steel, can keep hot beverages up to 6 hours, and cold ones up to 12 hours. Please allow a processing time up to 4 to 5 business days. &nbsp; For a better durability, handwash only. Colors can appear slightly different than on screen. *The straw isn&rsquo;t included<\/p>","protected":false},"excerpt":{"rendered":"<p>**ENGLISH WILL FOLLOW** Envoyez-nous vos images ou th\u00e8mes \u00e0 info@espacebloomy.ca avec vos coordonn\u00e9es. Nous ne somme pas responsables d&rsquo;un rendu qui ne serait pas optimal en lien avec la qualit\u00e9 de l&rsquo;image. En cas de doute, nous pouvons vous fournir des choix d&rsquo;images pr\u00eates \u00e0 \u00eatre utilis\u00e9es. Nous vous enverrons une maquette avant de passer [&hellip;]<\/p>\n","protected":false},"featured_media":237,"comment_status":"open","ping_status":"closed","template":"","meta":{"_et_pb_use_builder":"off","_et_pb_old_content":"**ENGLISH WILL FOLLOW**\r\n\r\n**Envoyez-nous vos images ou th\u00e8mes \u00e0 info@espacebloomy.ca avec vos coordonn\u00e9es.\r\nNous ne somme pas responsables d'un rendu qui ne serait pas optimal en lien avec la qualit\u00e9 de l'image. En cas de doute, nous pouvons vous fournir des choix d'images pr\u00eates \u00e0 \u00eatre utilis\u00e9es. Nous vous enverrons une maquette avant de passer \u00e0 l'impression finale.**\r\n\r\nTasse imprim\u00e9e \u00e0 la main, finit lustr\u00e9. Fait en acier inoxydable, garde les boissons chaudes jusqu'\u00e0 6 heures et celles froides jusqu'\u00e0 12 heures.**\r\n\r\nPr\u00e9voir un d\u00e9lai de confection de 4 \u00e0 5 jours ouvrables.\r\n\r\n\u00a0\r\n\r\nPour une meilleur durabilit\u00e9, laver \u00e0 la main.\r\nLes couleurs peuvent l\u00e9g\u00e8rement diff\u00e9rer de celles \u00e0 l'\u00e9cran.\r\n\r\n*Paille non incluse\r\n\r\n**********************************************************\r\n\r\n**Send us your images or themes at info@espacebloomy.ca with your contact. We are not responsible for a rendering that would not be optimal in relation to the image quality. In case of doubt, we can provide you with choices of images ready for use. We will send you a mock-up before we go to final printing.**\r\n\r\nHandprinted tumbler, glossy finish. Made in stainless steel, can keep hot beverages up to 6 hours, and cold ones up to 12 hours.\r\n\r\nPlease allow a processing time up to 4 to 5 business days.\r\n\r\n\u00a0\r\n\r\nFor a better durability, handwash only.\r\nColors can appear slightly different than on screen.\r\n\r\n*The straw isn't included","_et_gb_content_width":""},"product_brand":[],"product_cat":[26,37],"product_tag":[],"class_list":{"0":"post-121","1":"product","2":"type-product","3":"status-publish","4":"has-post-thumbnail","6":"product_cat-cup","7":"product_cat-thermos-personnalisable","9":"first","10":"instock","11":"taxable","12":"shipping-taxable","13":"purchasable","14":"product-type-simple"},"aioseo_notices":[],"jetpack_sharing_enabled":true,"_links":{"self":[{"href":"https:\/\/espacebloomy.ca\/en\/wp-json\/wp\/v2\/product\/121","targetHints":{"allow":["GET"]}}],"collection":[{"href":"https:\/\/espacebloomy.ca\/en\/wp-json\/wp\/v2\/product"}],"about":[{"href":"https:\/\/espacebloomy.ca\/en\/wp-json\/wp\/v2\/types\/product"}],"replies":[{"embeddable":true,"href":"https:\/\/espacebloomy.ca\/en\/wp-json\/wp\/v2\/comments?post=121"}],"wp:featuredmedia":[{"embeddable":true,"href":"https:\/\/espacebloomy.ca\/en\/wp-json\/wp\/v2\/media\/237"}],"wp:attachment":[{"href":"https:\/\/espacebloomy.ca\/en\/wp-json\/wp\/v2\/media?parent=121"}],"wp:term":[{"taxonomy":"product_brand","embeddable":true,"href":"https:\/\/espacebloomy.ca\/en\/wp-json\/wp\/v2\/product_brand?post=121"},{"taxonomy":"product_cat","embeddable":true,"href":"https:\/\/espacebloomy.ca\/en\/wp-json\/wp\/v2\/product_cat?post=121"},{"taxonomy":"product_tag","embeddable":true,"href":"https:\/\/espacebloomy.ca\/en\/wp-json\/wp\/v2\/product_tag?post=121"}],"curies":[{"name":"wp","href":"https:\/\/api.w.org\/{rel}","templated":true}]}}