{"id":106,"date":"2023-05-03T10:18:17","date_gmt":"2023-05-03T14:18:17","guid":{"rendered":"https:\/\/espacebloomy.ca\/?post_type=product&#038;p=106"},"modified":"2024-09-16T21:11:21","modified_gmt":"2024-09-17T01:11:21","slug":"my-happy-place-tasse-thermos-20oz","status":"publish","type":"product","link":"https:\/\/espacebloomy.ca\/en\/product\/my-happy-place-tasse-thermos-20oz\/","title":{"rendered":"My happy place &#8211; Tasse thermos 20oz"},"content":{"rendered":"<p>**ENGLISH WILL FOLLOW**<\/p>\n<p>Tasse imprim\u00e9e \u00e0 la main, finit lustr\u00e9. Fait en acier inoxydable, garde les boissons chaudes jusqu&rsquo;\u00e0 6 heures et celles froides jusqu&rsquo;\u00e0 12 heures. Pr\u00e9voir un d\u00e9lai de confection de 4 \u00e0 5 jours ouvrables.<\/p>\n<p>Pour une meilleur durabilit\u00e9, laver \u00e0 la main. Les couleurs peuvent l\u00e9g\u00e8rement diff\u00e9rer de celles \u00e0 l&rsquo;\u00e9cran.<\/p>\n<p>*Paille non incluse<\/p>\n<p>**********************************************************<\/p>\n<p>Handprinted tumbler, glossy finish. Made in stainless steel, can keep hot beverages up to 6 hours, and cold ones up to 12 hours. Please allow a processing time up to 4 to 5 business days.<\/p>\n<p>For a better durability, handwash only. Colors can appear slightly different than on screen.<\/p>\n<p>*The straw isn&rsquo;t included<\/p>","protected":false},"excerpt":{"rendered":"<p>**ENGLISH WILL FOLLOW** Tasse imprim\u00e9e \u00e0 la main, finit lustr\u00e9. Fait en acier inoxydable, garde les boissons chaudes jusqu&rsquo;\u00e0 6 heures et celles froides jusqu&rsquo;\u00e0 12 heures. Pr\u00e9voir un d\u00e9lai de confection de 4 \u00e0 5 jours ouvrables. Pour une meilleur durabilit\u00e9, laver \u00e0 la main. Les couleurs peuvent l\u00e9g\u00e8rement diff\u00e9rer de celles \u00e0 l&rsquo;\u00e9cran. [&hellip;]<\/p>\n","protected":false},"featured_media":238,"comment_status":"open","ping_status":"closed","template":"","meta":{"_et_pb_use_builder":"off","_et_pb_old_content":"**ENGLISH WILL FOLLOW**\r\n\r\nTasse imprim\u00e9e \u00e0 la main, finit lustr\u00e9. Fait en acier inoxydable, garde les boissons chaudes jusqu'\u00e0 6 heures et celles froides jusqu'\u00e0 12 heures.\r\n\r\nPr\u00e9voir un d\u00e9lai de confection de 4 \u00e0 5 jours ouvrables.\r\n\r\n\u00a0\r\n\r\nPour une meilleur durabilit\u00e9, laver \u00e0 la main.\r\nLes couleurs peuvent l\u00e9g\u00e8rement diff\u00e9rer de celles \u00e0 l'\u00e9cran.\r\n\r\n*Paille non incluse\r\n\r\n**********************************************************\r\n\r\nHandprinted tumbler, glossy finish. Made in stainless steel, can keep hot beverages up to 6 hours, and cold ones up to 12 hours.\r\n\r\nPlease allow a processing time up to 4 to 5 business days.\r\n\r\n\u00a0\r\n\r\nFor a better durability, handwash only.\r\nColors can appear slightly different than on screen.\r\n\r\n*The straw isn't included","_et_gb_content_width":""},"product_brand":[],"product_cat":[26],"product_tag":[],"class_list":{"0":"post-106","1":"product","2":"type-product","3":"status-publish","4":"has-post-thumbnail","6":"product_cat-cup","8":"first","9":"instock","10":"featured","11":"taxable","12":"shipping-taxable","13":"purchasable","14":"product-type-simple"},"aioseo_notices":[],"jetpack_sharing_enabled":true,"_links":{"self":[{"href":"https:\/\/espacebloomy.ca\/en\/wp-json\/wp\/v2\/product\/106","targetHints":{"allow":["GET"]}}],"collection":[{"href":"https:\/\/espacebloomy.ca\/en\/wp-json\/wp\/v2\/product"}],"about":[{"href":"https:\/\/espacebloomy.ca\/en\/wp-json\/wp\/v2\/types\/product"}],"replies":[{"embeddable":true,"href":"https:\/\/espacebloomy.ca\/en\/wp-json\/wp\/v2\/comments?post=106"}],"wp:featuredmedia":[{"embeddable":true,"href":"https:\/\/espacebloomy.ca\/en\/wp-json\/wp\/v2\/media\/238"}],"wp:attachment":[{"href":"https:\/\/espacebloomy.ca\/en\/wp-json\/wp\/v2\/media?parent=106"}],"wp:term":[{"taxonomy":"product_brand","embeddable":true,"href":"https:\/\/espacebloomy.ca\/en\/wp-json\/wp\/v2\/product_brand?post=106"},{"taxonomy":"product_cat","embeddable":true,"href":"https:\/\/espacebloomy.ca\/en\/wp-json\/wp\/v2\/product_cat?post=106"},{"taxonomy":"product_tag","embeddable":true,"href":"https:\/\/espacebloomy.ca\/en\/wp-json\/wp\/v2\/product_tag?post=106"}],"curies":[{"name":"wp","href":"https:\/\/api.w.org\/{rel}","templated":true}]}}