{"id":837,"date":"2023-10-06T15:08:00","date_gmt":"2023-10-06T19:08:00","guid":{"rendered":"https:\/\/espacebloomy.ca\/?page_id=837"},"modified":"2025-01-21T10:57:28","modified_gmt":"2025-01-21T15:57:28","slug":"accessoires","status":"publish","type":"page","link":"https:\/\/espacebloomy.ca\/en\/accessoires\/","title":{"rendered":"ACCESSORIES"},"content":{"rendered":"<p>[et_pb_section fb_built=\u00a0\u00bb1&Prime; custom_padding_last_edited=\u00a0\u00bbon|tablet\u00a0\u00bb _builder_version=\u00a0\u00bb4.27.4&Prime; _module_preset=\u00a0\u00bbdefault\u00a0\u00bb background_image=\u00a0\u00bbhttps:\/\/espacebloomy.ca\/wp-content\/uploads\/2025\/01\/ACCESSOIRES-10.png\u00a0\u00bb height=\u00a0\u00bb430px\u00a0\u00bb custom_margin_tablet=\u00a0\u00bb\u00a0\u00bb custom_margin_phone=\u00a0\u00bb\u00a0\u00bb custom_margin_last_edited=\u00a0\u00bbon|tablet\u00a0\u00bb custom_padding_tablet=\u00a0\u00bb23px||26px|||\u00a0\u00bb custom_padding_phone=\u00a0\u00bb23px||26px|||\u00a0\u00bb da_disable_devices=\u00a0\u00bboff|off|off\u00a0\u00bb locked=\u00a0\u00bboff\u00a0\u00bb global_colors_info=\u00a0\u00bb{}\u00a0\u00bb da_is_popup=\u00a0\u00bboff\u00a0\u00bb da_exit_intent=\u00a0\u00bboff\u00a0\u00bb da_has_close=\u00a0\u00bbon\u00a0\u00bb da_alt_close=\u00a0\u00bboff\u00a0\u00bb da_dark_close=\u00a0\u00bboff\u00a0\u00bb da_not_modal=\u00a0\u00bbon\u00a0\u00bb da_is_singular=\u00a0\u00bboff\u00a0\u00bb da_with_loader=\u00a0\u00bboff\u00a0\u00bb da_has_shadow=\u00a0\u00bbon\u00a0\u00bb][et_pb_row _builder_version=\u00a0\u00bb4.27.4&Prime; _module_preset=\u00a0\u00bbdefault\u00a0\u00bb global_colors_info=\u00a0\u00bb{}\u00a0\u00bb][et_pb_column type=\u00a0\u00bb4_4&Prime; _builder_version=\u00a0\u00bb4.27.4&Prime; _module_preset=\u00a0\u00bbdefault\u00a0\u00bb global_colors_info=\u00a0\u00bb{}\u00a0\u00bb][et_pb_text _builder_version=\u00a0\u00bb4.27.4&Prime; _module_preset=\u00a0\u00bbdefault\u00a0\u00bb text_text_color=\u00a0\u00bb#FFFFFF\u00a0\u00bb header_font=\u00a0\u00bbBirthstone||||||||\u00a0\u00bb header_text_align=\u00a0\u00bbcenter\u00a0\u00bb header_text_color=\u00a0\u00bb#FFFFFF\u00a0\u00bb header_font_size=\u00a0\u00bb141px\u00a0\u00bb hover_enabled=\u00a0\u00bb0&Prime; header_text_color_tablet=\u00a0\u00bb#FFFFFF\u00a0\u00bb header_text_color_phone=\u00a0\u00bb#FFFFFF\u00a0\u00bb header_text_color_last_edited=\u00a0\u00bbon|phone\u00a0\u00bb header_font_size_tablet=\u00a0\u00bb141px\u00a0\u00bb header_font_size_phone=\u00a0\u00bb93px\u00a0\u00bb header_font_size_last_edited=\u00a0\u00bbon|phone\u00a0\u00bb header_text_shadow_style=\u00a0\u00bbpreset4&Prime; header_text_shadow_horizontal_length=\u00a0\u00bb0.03em\u00a0\u00bb header_text_shadow_vertical_length=\u00a0\u00bb0.03em\u00a0\u00bb header_text_shadow_blur_strength=\u00a0\u00bb0.02em\u00a0\u00bb global_colors_info=\u00a0\u00bb{}\u00a0\u00bb sticky_enabled=\u00a0\u00bb0&Prime;]<\/p>\n<h1 style=\"text-align: center;\">Accessoires<\/h1>\n<p>[\/et_pb_text][et_pb_text _builder_version=\u00a0\u00bb4.27.4&Prime; _module_preset=\u00a0\u00bbdefault\u00a0\u00bb text_font=\u00a0\u00bbABeeZee||||||||\u00a0\u00bb text_text_color=\u00a0\u00bb#FFFFFF\u00a0\u00bb text_font_size=\u00a0\u00bb20px\u00a0\u00bb text_letter_spacing=\u00a0\u00bb1px\u00a0\u00bb text_line_height=\u00a0\u00bb1.8em\u00a0\u00bb text_font_size_tablet=\u00a0\u00bb20px\u00a0\u00bb text_font_size_phone=\u00a0\u00bb16px\u00a0\u00bb text_font_size_last_edited=\u00a0\u00bbon|phone\u00a0\u00bb text_text_shadow_style=\u00a0\u00bbpreset4&Prime; text_text_shadow_horizontal_length=\u00a0\u00bb0.03em\u00a0\u00bb text_text_shadow_vertical_length=\u00a0\u00bb0.03em\u00a0\u00bb text_text_shadow_blur_strength=\u00a0\u00bb0.02em\u00a0\u00bb text_text_shadow_color=\u00a0\u00bb#000000&Prime; text_text_shadow_horizontal_length_tablet=\u00a0\u00bb0.03em\u00a0\u00bb text_text_shadow_horizontal_length_phone=\u00a0\u00bb0.01em\u00a0\u00bb text_text_shadow_horizontal_length_last_edited=\u00a0\u00bbon|phone\u00a0\u00bb text_text_shadow_vertical_length_tablet=\u00a0\u00bb0.03em\u00a0\u00bb text_text_shadow_vertical_length_phone=\u00a0\u00bb0.01em\u00a0\u00bb text_text_shadow_vertical_length_last_edited=\u00a0\u00bbon|phone\u00a0\u00bb text_text_shadow_blur_strength_tablet=\u00a0\u00bb0.02em\u00a0\u00bb text_text_shadow_blur_strength_phone=\u00a0\u00bb0.01em\u00a0\u00bb text_text_shadow_blur_strength_last_edited=\u00a0\u00bbon|phone\u00a0\u00bb text_text_shadow_color_tablet=\u00a0\u00bb\u00a0\u00bb text_text_shadow_color_phone=\u00a0\u00bb#000000&Prime; text_text_shadow_color_last_edited=\u00a0\u00bbon|phone\u00a0\u00bb global_colors_info=\u00a0\u00bb{}\u00a0\u00bb]<\/p>\n<p style=\"text-align: center;\"><strong>Explorez notre s\u00e9lection d&rsquo;accessoires chez Bloomy Espace V\u00e9g\u00e9tal, offrant tout ce dont vous avez besoin pour enrichir votre exp\u00e9rience v\u00e9g\u00e9tale, des poign\u00e9es de t\u00e9l\u00e9phone aux lampes de croissance. Visitez pour d\u00e9couvrir nos produits innovants\u200b\u200b.<\/strong><\/p>\n<p>[\/et_pb_text][\/et_pb_column][\/et_pb_row][\/et_pb_section][et_pb_section fb_built=\u00a0\u00bb1&Prime; _builder_version=\u00a0\u00bb4.27.4&Prime; _module_preset=\u00a0\u00bbdefault\u00a0\u00bb background_color=\u00a0\u00bbrgba(178,198,177,0.31)\u00a0\u00bb background_enable_image=\u00a0\u00bboff\u00a0\u00bb da_disable_devices=\u00a0\u00bboff|off|off\u00a0\u00bb global_colors_info=\u00a0\u00bb{}\u00a0\u00bb da_is_popup=\u00a0\u00bboff\u00a0\u00bb da_exit_intent=\u00a0\u00bboff\u00a0\u00bb da_has_close=\u00a0\u00bbon\u00a0\u00bb da_alt_close=\u00a0\u00bboff\u00a0\u00bb da_dark_close=\u00a0\u00bboff\u00a0\u00bb da_not_modal=\u00a0\u00bbon\u00a0\u00bb da_is_singular=\u00a0\u00bboff\u00a0\u00bb da_with_loader=\u00a0\u00bboff\u00a0\u00bb da_has_shadow=\u00a0\u00bbon\u00a0\u00bb][et_pb_row _builder_version=\u00a0\u00bb4.22.2&Prime; _module_preset=\u00a0\u00bbdefault\u00a0\u00bb global_colors_info=\u00a0\u00bb{}\u00a0\u00bb][et_pb_column type=\u00a0\u00bb4_4&Prime; _builder_version=\u00a0\u00bb4.22.2&Prime; _module_preset=\u00a0\u00bbdefault\u00a0\u00bb global_colors_info=\u00a0\u00bb{}\u00a0\u00bb][et_pb_shop type=\u00a0\u00bbproduct_category\u00a0\u00bb posts_number=\u00a0\u00bb100&Prime; show_pagination=\u00a0\u00bbon\u00a0\u00bb include_categories=\u00a0\u00bb30&Prime; columns_number=\u00a0\u00bb4&Prime; _builder_version=\u00a0\u00bb4.27.4&Prime; _module_preset=\u00a0\u00bbdefault\u00a0\u00bb global_colors_info=\u00a0\u00bb{}\u00a0\u00bb][\/et_pb_shop][\/et_pb_column][\/et_pb_row][\/et_pb_section]<\/p>\n","protected":false},"excerpt":{"rendered":"<p>AccessoiresExplorez notre s\u00e9lection d&rsquo;accessoires chez Bloomy Espace V\u00e9g\u00e9tal, offrant tout ce dont vous avez besoin pour enrichir votre exp\u00e9rience v\u00e9g\u00e9tale, des poign\u00e9es de t\u00e9l\u00e9phone aux lampes de croissance. Visitez pour d\u00e9couvrir nos produits innovants\u200b\u200b.<\/p>","protected":false},"author":1,"featured_media":0,"parent":0,"menu_order":0,"comment_status":"closed","ping_status":"closed","template":"","meta":{"_et_pb_use_builder":"on","_et_pb_old_content":"","_et_gb_content_width":"","footnotes":""},"class_list":["post-837","page","type-page","status-publish","hentry"],"aioseo_notices":[],"jetpack_sharing_enabled":true,"_links":{"self":[{"href":"https:\/\/espacebloomy.ca\/en\/wp-json\/wp\/v2\/pages\/837","targetHints":{"allow":["GET"]}}],"collection":[{"href":"https:\/\/espacebloomy.ca\/en\/wp-json\/wp\/v2\/pages"}],"about":[{"href":"https:\/\/espacebloomy.ca\/en\/wp-json\/wp\/v2\/types\/page"}],"author":[{"embeddable":true,"href":"https:\/\/espacebloomy.ca\/en\/wp-json\/wp\/v2\/users\/1"}],"replies":[{"embeddable":true,"href":"https:\/\/espacebloomy.ca\/en\/wp-json\/wp\/v2\/comments?post=837"}],"version-history":[{"count":15,"href":"https:\/\/espacebloomy.ca\/en\/wp-json\/wp\/v2\/pages\/837\/revisions"}],"predecessor-version":[{"id":3201,"href":"https:\/\/espacebloomy.ca\/en\/wp-json\/wp\/v2\/pages\/837\/revisions\/3201"}],"wp:attachment":[{"href":"https:\/\/espacebloomy.ca\/en\/wp-json\/wp\/v2\/media?parent=837"}],"curies":[{"name":"wp","href":"https:\/\/api.w.org\/{rel}","templated":true}]}}