{"id":785,"date":"2023-10-05T11:26:25","date_gmt":"2023-10-05T15:26:25","guid":{"rendered":"https:\/\/espacebloomy.ca\/?page_id=785"},"modified":"2025-01-20T14:18:23","modified_gmt":"2025-01-20T19:18:23","slug":"a-boire","status":"publish","type":"page","link":"https:\/\/espacebloomy.ca\/en\/a-boire\/","title":{"rendered":"DRINKWARE"},"content":{"rendered":"<p>[et_pb_section fb_built=\u00a0\u00bb1&Prime; custom_padding_last_edited=\u00a0\u00bbon|tablet\u00a0\u00bb _builder_version=\u00a0\u00bb4.27.4&Prime; _module_preset=\u00a0\u00bbdefault\u00a0\u00bb background_image=\u00a0\u00bbhttps:\/\/espacebloomy.ca\/wp-content\/uploads\/2025\/01\/CHEERS-08.png\u00a0\u00bb height=\u00a0\u00bb430px\u00a0\u00bb custom_margin_tablet=\u00a0\u00bb\u00a0\u00bb custom_margin_phone=\u00a0\u00bb\u00a0\u00bb custom_margin_last_edited=\u00a0\u00bbon|tablet\u00a0\u00bb custom_padding_tablet=\u00a0\u00bb23px||26px|||\u00a0\u00bb custom_padding_phone=\u00a0\u00bb23px||26px|||\u00a0\u00bb hover_enabled=\u00a0\u00bb0&Prime; da_disable_devices=\u00a0\u00bboff|off|off\u00a0\u00bb global_colors_info=\u00a0\u00bb{}\u00a0\u00bb sticky_enabled=\u00a0\u00bb0&Prime; locked=\u00a0\u00bboff\u00a0\u00bb title_text=\u00a0\u00bbDRINKWARE\u00a0\u00bb da_is_popup=\u00a0\u00bboff\u00a0\u00bb da_exit_intent=\u00a0\u00bboff\u00a0\u00bb da_has_close=\u00a0\u00bbon\u00a0\u00bb da_alt_close=\u00a0\u00bboff\u00a0\u00bb da_dark_close=\u00a0\u00bboff\u00a0\u00bb da_not_modal=\u00a0\u00bbon\u00a0\u00bb da_is_singular=\u00a0\u00bboff\u00a0\u00bb da_with_loader=\u00a0\u00bboff\u00a0\u00bb da_has_shadow=\u00a0\u00bbon\u00a0\u00bb][et_pb_row _builder_version=\u00a0\u00bb4.27.4&Prime; _module_preset=\u00a0\u00bbdefault\u00a0\u00bb global_colors_info=\u00a0\u00bb{}\u00a0\u00bb][et_pb_column type=\u00a0\u00bb4_4&Prime; _builder_version=\u00a0\u00bb4.27.4&Prime; _module_preset=\u00a0\u00bbdefault\u00a0\u00bb global_colors_info=\u00a0\u00bb{}\u00a0\u00bb][et_pb_text _builder_version=\u00a0\u00bb4.27.4&Prime; _module_preset=\u00a0\u00bbdefault\u00a0\u00bb text_text_color=\u00a0\u00bb#FFFFFF\u00a0\u00bb header_font=\u00a0\u00bbBirthstone||||||||\u00a0\u00bb header_text_align=\u00a0\u00bbcenter\u00a0\u00bb header_text_color=\u00a0\u00bb#FFFFFF\u00a0\u00bb header_font_size=\u00a0\u00bb141px\u00a0\u00bb hover_enabled=\u00a0\u00bb0&Prime; header_text_color_tablet=\u00a0\u00bb#FFFFFF\u00a0\u00bb header_text_color_phone=\u00a0\u00bb#FFFFFF\u00a0\u00bb header_text_color_last_edited=\u00a0\u00bbon|phone\u00a0\u00bb header_font_size_tablet=\u00a0\u00bb141px\u00a0\u00bb header_font_size_phone=\u00a0\u00bb97px\u00a0\u00bb header_font_size_last_edited=\u00a0\u00bbon|phone\u00a0\u00bb header_text_shadow_style=\u00a0\u00bbpreset4&Prime; header_text_shadow_horizontal_length=\u00a0\u00bb0.03em\u00a0\u00bb header_text_shadow_vertical_length=\u00a0\u00bb0.03em\u00a0\u00bb header_text_shadow_blur_strength=\u00a0\u00bb0.02em\u00a0\u00bb global_colors_info=\u00a0\u00bb{}\u00a0\u00bb sticky_enabled=\u00a0\u00bb0&Prime;]<\/p>\n<h1>\u00c0 boire<\/h1>\n<p>[\/et_pb_text][et_pb_text _builder_version=\u00a0\u00bb4.27.4&Prime; _module_preset=\u00a0\u00bbdefault\u00a0\u00bb text_font=\u00a0\u00bbABeeZee||||||||\u00a0\u00bb text_text_color=\u00a0\u00bb#FFFFFF\u00a0\u00bb text_font_size=\u00a0\u00bb20px\u00a0\u00bb text_letter_spacing=\u00a0\u00bb1px\u00a0\u00bb text_line_height=\u00a0\u00bb1.8em\u00a0\u00bb hover_enabled=\u00a0\u00bb0&Prime; text_font_size_tablet=\u00a0\u00bb20px\u00a0\u00bb text_font_size_phone=\u00a0\u00bb16px\u00a0\u00bb text_font_size_last_edited=\u00a0\u00bbon|phone\u00a0\u00bb text_text_shadow_style=\u00a0\u00bbpreset4&Prime; text_text_shadow_horizontal_length=\u00a0\u00bb0.03em\u00a0\u00bb text_text_shadow_vertical_length=\u00a0\u00bb0.03em\u00a0\u00bb text_text_shadow_blur_strength=\u00a0\u00bb0.02em\u00a0\u00bb text_text_shadow_horizontal_length_tablet=\u00a0\u00bb0.03em\u00a0\u00bb text_text_shadow_horizontal_length_phone=\u00a0\u00bb0.01em\u00a0\u00bb text_text_shadow_horizontal_length_last_edited=\u00a0\u00bbon|phone\u00a0\u00bb text_text_shadow_vertical_length_tablet=\u00a0\u00bb0.03em\u00a0\u00bb text_text_shadow_vertical_length_phone=\u00a0\u00bb0.01em\u00a0\u00bb text_text_shadow_vertical_length_last_edited=\u00a0\u00bbon|phone\u00a0\u00bb text_text_shadow_blur_strength_tablet=\u00a0\u00bb0.02em\u00a0\u00bb text_text_shadow_blur_strength_phone=\u00a0\u00bb0.01em\u00a0\u00bb text_text_shadow_blur_strength_last_edited=\u00a0\u00bbon|phone\u00a0\u00bb text_text_shadow_color_tablet=\u00a0\u00bb\u00a0\u00bb text_text_shadow_color_phone=\u00a0\u00bb#000000&Prime; text_text_shadow_color_last_edited=\u00a0\u00bbon|phone\u00a0\u00bb global_colors_info=\u00a0\u00bb{}\u00a0\u00bb sticky_enabled=\u00a0\u00bb0&Prime; text_text_shadow_color=\u00a0\u00bb#000000&Prime;]<\/p>\n<p style=\"text-align: center;\"><strong>D\u00e9couvrez notre gamme exclusive de produits \u00e0 boire chez Bloomy Espace V\u00e9g\u00e9tal, incluant des tasses thermos uniques imprim\u00e9es \u00e0 la main, \u00e0 Qu\u00e9bec pour les amateurs de plantes.<br \/>Parfait pour d\u00e9guster vos boissons avec une touche de nature\u200b\u200b.<\/strong><\/p>\n<p>[\/et_pb_text][\/et_pb_column][\/et_pb_row][\/et_pb_section][et_pb_section fb_built=\u00a0\u00bb1&Prime; _builder_version=\u00a0\u00bb4.27.4&Prime; _module_preset=\u00a0\u00bbdefault\u00a0\u00bb hover_enabled=\u00a0\u00bb0&Prime; da_disable_devices=\u00a0\u00bboff|off|off\u00a0\u00bb global_colors_info=\u00a0\u00bb{}\u00a0\u00bb background_enable_image=\u00a0\u00bboff\u00a0\u00bb background_color=\u00a0\u00bbrgba(178,198,177,0.31)\u00a0\u00bb sticky_enabled=\u00a0\u00bb0&Prime; da_is_popup=\u00a0\u00bboff\u00a0\u00bb da_exit_intent=\u00a0\u00bboff\u00a0\u00bb da_has_close=\u00a0\u00bbon\u00a0\u00bb da_alt_close=\u00a0\u00bboff\u00a0\u00bb da_dark_close=\u00a0\u00bboff\u00a0\u00bb da_not_modal=\u00a0\u00bbon\u00a0\u00bb da_is_singular=\u00a0\u00bboff\u00a0\u00bb da_with_loader=\u00a0\u00bboff\u00a0\u00bb da_has_shadow=\u00a0\u00bbon\u00a0\u00bb][et_pb_row _builder_version=\u00a0\u00bb4.22.1&Prime; _module_preset=\u00a0\u00bbdefault\u00a0\u00bb global_colors_info=\u00a0\u00bb{}\u00a0\u00bb][et_pb_column type=\u00a0\u00bb4_4&Prime; _builder_version=\u00a0\u00bb4.22.1&Prime; _module_preset=\u00a0\u00bbdefault\u00a0\u00bb global_colors_info=\u00a0\u00bb{}\u00a0\u00bb][et_pb_shop type=\u00a0\u00bbproduct_category\u00a0\u00bb show_pagination=\u00a0\u00bbon\u00a0\u00bb include_categories=\u00a0\u00bb39,37,26,27&Prime; columns_number=\u00a0\u00bb4&Prime; _builder_version=\u00a0\u00bb4.23.1&Prime; _module_preset=\u00a0\u00bbdefault\u00a0\u00bb custom_padding=\u00a0\u00bb||1px|||\u00a0\u00bb global_colors_info=\u00a0\u00bb{}\u00a0\u00bb][\/et_pb_shop][\/et_pb_column][\/et_pb_row][\/et_pb_section]<\/p>\n","protected":false},"excerpt":{"rendered":"<p>\u00c0 boireD\u00e9couvrez notre gamme exclusive de produits \u00e0 boire chez Bloomy Espace V\u00e9g\u00e9tal, incluant des tasses thermos uniques imprim\u00e9es \u00e0 la main, \u00e0 Qu\u00e9bec pour les amateurs de plantes.Parfait pour d\u00e9guster vos boissons avec une touche de nature\u200b\u200b.<\/p>","protected":false},"author":1,"featured_media":0,"parent":0,"menu_order":0,"comment_status":"closed","ping_status":"closed","template":"","meta":{"_et_pb_use_builder":"on","_et_pb_old_content":"","_et_gb_content_width":"","footnotes":""},"class_list":["post-785","page","type-page","status-publish","hentry"],"aioseo_notices":[],"jetpack_sharing_enabled":true,"_links":{"self":[{"href":"https:\/\/espacebloomy.ca\/en\/wp-json\/wp\/v2\/pages\/785","targetHints":{"allow":["GET"]}}],"collection":[{"href":"https:\/\/espacebloomy.ca\/en\/wp-json\/wp\/v2\/pages"}],"about":[{"href":"https:\/\/espacebloomy.ca\/en\/wp-json\/wp\/v2\/types\/page"}],"author":[{"embeddable":true,"href":"https:\/\/espacebloomy.ca\/en\/wp-json\/wp\/v2\/users\/1"}],"replies":[{"embeddable":true,"href":"https:\/\/espacebloomy.ca\/en\/wp-json\/wp\/v2\/comments?post=785"}],"version-history":[{"count":17,"href":"https:\/\/espacebloomy.ca\/en\/wp-json\/wp\/v2\/pages\/785\/revisions"}],"predecessor-version":[{"id":3161,"href":"https:\/\/espacebloomy.ca\/en\/wp-json\/wp\/v2\/pages\/785\/revisions\/3161"}],"wp:attachment":[{"href":"https:\/\/espacebloomy.ca\/en\/wp-json\/wp\/v2\/media?parent=785"}],"curies":[{"name":"wp","href":"https:\/\/api.w.org\/{rel}","templated":true}]}}