{"id":1314,"date":"2023-10-30T11:05:00","date_gmt":"2023-10-30T15:05:00","guid":{"rendered":"https:\/\/espacebloomy.ca\/?page_id=1314"},"modified":"2023-10-30T14:36:47","modified_gmt":"2023-10-30T18:36:47","slug":"politique-de-confidentialite","status":"publish","type":"page","link":"https:\/\/espacebloomy.ca\/en\/politique-de-confidentialite\/","title":{"rendered":"Privacy Policy"},"content":{"rendered":"<p>[et_pb_section fb_built=\u00a0\u00bb1&Prime; _builder_version=\u00a0\u00bb4.22.2&Prime; _module_preset=\u00a0\u00bbdefault\u00a0\u00bb background_color=\u00a0\u00bbRGBA(255,255,255,0)\u00a0\u00bb background_image=\u00a0\u00bbhttps:\/\/espacebloomy.ca\/wp-content\/uploads\/2023\/10\/MOSAIQUE-plantes.png\u00a0\u00bb background_size=\u00a0\u00bbinitial\u00a0\u00bb da_disable_devices=\u00a0\u00bboff|off|off\u00a0\u00bb global_colors_info=\u00a0\u00bb{}\u00a0\u00bb da_is_popup=\u00a0\u00bboff\u00a0\u00bb da_exit_intent=\u00a0\u00bboff\u00a0\u00bb da_has_close=\u00a0\u00bbon\u00a0\u00bb da_alt_close=\u00a0\u00bboff\u00a0\u00bb da_dark_close=\u00a0\u00bboff\u00a0\u00bb da_not_modal=\u00a0\u00bbon\u00a0\u00bb da_is_singular=\u00a0\u00bboff\u00a0\u00bb da_with_loader=\u00a0\u00bboff\u00a0\u00bb da_has_shadow=\u00a0\u00bbon\u00a0\u00bb][et_pb_row _builder_version=\u00a0\u00bb4.22.2&Prime; _module_preset=\u00a0\u00bbdefault\u00a0\u00bb global_colors_info=\u00a0\u00bb{}\u00a0\u00bb][et_pb_column type=\u00a0\u00bb4_4&Prime; _builder_version=\u00a0\u00bb4.22.2&Prime; _module_preset=\u00a0\u00bbdefault\u00a0\u00bb global_colors_info=\u00a0\u00bb{}\u00a0\u00bb][et_pb_text _builder_version=\u00a0\u00bb4.22.2&Prime; _module_preset=\u00a0\u00bbdefault\u00a0\u00bb text_font=\u00a0\u00bbABeeZee||||||||\u00a0\u00bb text_text_color=\u00a0\u00bb#346819&Prime; header_5_font=\u00a0\u00bbBirthstone|700|||||||\u00a0\u00bb header_5_text_color=\u00a0\u00bb#98a47e\u00a0\u00bb header_5_font_size=\u00a0\u00bb130px\u00a0\u00bb hover_enabled=\u00a0\u00bb0&Prime; global_colors_info=\u00a0\u00bb{}\u00a0\u00bb header_5_line_height=\u00a0\u00bb1.4em\u00a0\u00bb sticky_enabled=\u00a0\u00bb0&Prime; header_2_font=\u00a0\u00bbABeeZee|700|||||||\u00a0\u00bb header_2_font_size=\u00a0\u00bb24px\u00a0\u00bb header_2_text_color=\u00a0\u00bb#98a47e\u00a0\u00bb]<\/p>\n<h5 class=\"et_pb_toggle_title\">Politique de confidentialit\u00e9<\/h5>\n<div class=\"et_pb_toggle_content clearfix\">\n<p><span>Devant le d\u00e9veloppement des nouveaux outils de communication, il est n\u00e9cessaire de porter une attention particuli\u00e8re \u00e0 la protection de la vie priv\u00e9e. C\u2019est pourquoi, nous nous engageons \u00e0 respecter la confidentialit\u00e9 des renseignements personnels que nous collectons.<\/span><\/p>\n<h2><span>Collecte des renseignements personnels<\/span><\/h2>\n<p><span>Pr\u00e9nom, Adresse postale, Code postal, Adresse \u00e9lectronique, Num\u00e9ro de t\u00e9l\u00e9phone \/ t\u00e9l\u00e9copieur. Les renseignements personnels que nous collectons sont recueillis au travers de formulaires et gr\u00e2ce \u00e0 l\u2019interactivit\u00e9 \u00e9tablie entre vous et notre site Web. Nous utilisons \u00e9galement, comme indiqu\u00e9 dans la section suivante, des fichiers t\u00e9moins et\/ou journaux pour r\u00e9unir des informations vous concernant.<\/span><\/p>\n<h2><span>Formulaires et interactivit\u00e9<\/span><\/h2>\n<p><span> Vos renseignements personnels sont collect\u00e9s par le biais de formulaire, \u00e0 savoir :<br \/><\/span><span>Formulaire d\u2019inscription au site Web<br \/>Formulaire de commande<\/span><\/p>\n<p><span>Nous utilisons les renseignements ainsi collect\u00e9s pour les finalit\u00e9s suivantes :<\/span><\/p>\n<p><span>Suivi de la commande<br \/><\/span><span>Informations \/ Offres promotionnelles<br \/>Statistiques<br \/>Contact<\/span><\/p>\n<p><span>Vos renseignements sont \u00e9galement collect\u00e9s par le biais de l\u2019interactivit\u00e9 pouvant s\u2019\u00e9tablir entre vous et notre site Web et ce, de la fa\u00e7on suivante :<br \/><\/span><span>Commentaires<br \/>Correspondance<\/span><\/p>\n<p><span>Nous utilisons les renseignements ainsi collect\u00e9s pour les finalit\u00e9s suivantes :<br \/>Informations ou pour des offres promotionnelles<br \/>Statistiques<br \/>Contact<\/span><\/p>\n<h2><span>Droit d\u2019opposition et de retrait<\/span><\/h2>\n<p><span>Nous nous engageons \u00e0 vous offrir un droit d\u2019opposition et de retrait quant \u00e0 vos renseignements personnels. Le droit d\u2019opposition s\u2019entend comme \u00e9tant la possiblit\u00e9 offerte aux internautes de refuser que leurs renseignements personnels soient utilis\u00e9es \u00e0 certaines fins mentionn\u00e9es lors de la collecte. Le droit de retrait s\u2019entend comme \u00e9tant la possiblit\u00e9 offerte aux internautes de demander \u00e0 ce que leurs renseignements personnels ne figurent plus, par exemple, dans une liste de diffusion.<\/span><\/p>\n<p>Pour pouvoir exercer ces droits, vous pouvez :<br \/>Code postal : g2a 3p8<br \/>Courriel : <a href=\"mailto:info@espacebloomy.ca\">info@espacebloomy.ca <\/a><br \/>T\u00e9l\u00e9phone : 888-385-2205<br \/>Section du site web : <span role=\"gridcell\"><a class=\"x1i10hfl xjbqb8w x6umtig x1b1mbwd xaqea5y xav7gou x9f619 x1ypdohk xt0psk2 xe8uvvx xdj266r x11i5rnm xat24cr x1mh8g0r xexx8yu x4uap5 x18d9i69 xkhd6sd x16tdsg8 xggy1nq x1a2a7pz xt0b8zv x1heor9g x1bvjpef\" href=\"https:\/\/l.facebook.com\/l.php?u=http%3A%2F%2Fwww.espacebloomy.ca%2Fcontact%3Ffbclid%3DIwAR2Yb0OndkRskgegmrP5B0UTghjctRK__jznD4ZrpW4uw4z5i6a52wKeg5A&amp;h=AT1VqhA0D5T-kIE2zGFeg-ze9dGOk1x6J34KIidD_8Dp8u2IKZFVZ1tP8IGimYAge4lZZE9k0RheP-maWkX966lNgMXjfd6y9xy9uS60-fZJQ3GXW-iHoZA8j8YPUYCVfTw\" rel=\"nofollow noopener noreferrer\" role=\"link\" target=\"_blank\" tabindex=\"-1\">www.espacebloomy.ca\/contact<\/a><\/span><\/p>\n<h2>Droit d\u2019acc\u00e8s<\/h2>\n<p>Nous nous engageons \u00e0 reconna\u00eetre un droit d\u2019acc\u00e8s et de rectification aux personnes concern\u00e9es d\u00e9sireuses de consulter, modifier, voire radier les informations les concernant.<\/p>\n<p>L\u2019exercice de ce droit se fera :<\/p>\n<p>Code postal : G2A 3P8<br \/>Courriel : <a href=\"mailto:info@espacebloomy.ca\">info@espacebloomy.ca<\/a><br \/>T\u00e9l\u00e9phone : 888-385-2205<br \/>Section du site web : <span role=\"gridcell\"><a class=\"x1i10hfl xjbqb8w x6umtig x1b1mbwd xaqea5y xav7gou x9f619 x1ypdohk xt0psk2 xe8uvvx xdj266r x11i5rnm xat24cr x1mh8g0r xexx8yu x4uap5 x18d9i69 xkhd6sd x16tdsg8 xggy1nq x1a2a7pz xt0b8zv x1heor9g x1bvjpef\" href=\"https:\/\/l.facebook.com\/l.php?u=http%3A%2F%2Fwww.espacebloomy.ca%2Fcontact%3Ffbclid%3DIwAR3Z5zPnBb9fbELwI1K7xYTC3EplRNaWNpwuPtz6Zm6Q9HOnZveSlfKDk3g&amp;h=AT1VqhA0D5T-kIE2zGFeg-ze9dGOk1x6J34KIidD_8Dp8u2IKZFVZ1tP8IGimYAge4lZZE9k0RheP-maWkX966lNgMXjfd6y9xy9uS60-fZJQ3GXW-iHoZA8j8YPUYCVfTw\" rel=\"nofollow noopener noreferrer\" role=\"link\" target=\"_blank\" tabindex=\"-1\">www.espacebloomy.ca\/contact<\/a><\/span><\/p>\n<h2>S\u00e9curit\u00e9<\/h2>\n<p>Les renseignements personnels que nous collectons sont conserv\u00e9s dans un environnement s\u00e9curis\u00e9. Les personnes travaillant pour nous sont tenues de respecter la confidentialit\u00e9 de vos informations.<\/p>\n<p>Pour assurer la s\u00e9curit\u00e9 de vos renseignements personnels, nous avons recours aux mesures suivantes :<\/p>\n<p>Gestion des acc\u00e8s \u2013 personne autoris\u00e9e<br \/>Sauvegarde informatique<br \/>Identifiant \/ mot de passe<br \/>Nous nous engageons \u00e0 maintenir un haut degr\u00e9 de confidentialit\u00e9 en int\u00e9grant les derni\u00e8res innovations technologiques permettant d\u2019assurer la confidentialit\u00e9 de vos transactions. Toutefois, comme aucun m\u00e9canisme n\u2019offre une s\u00e9curit\u00e9 maximale, une part de risque est toujours pr\u00e9sente lorsque l\u2019on utilise Internet pour transmettre des renseignements personnels.<\/p>\n<h2><span>L\u00e9gislation<\/span><\/h2>\n<p><span>Nous nous engageons \u00e0 respecter les dispositions l\u00e9gislatives \u00e9nonc\u00e9es dans : <\/span><\/p>\n<p><span>L\u00e9gislation: <\/span><span role=\"gridcell\"><a class=\"x1i10hfl xjbqb8w x6umtig x1b1mbwd xaqea5y xav7gou x9f619 x1ypdohk xt0psk2 xe8uvvx xdj266r x11i5rnm xat24cr x1mh8g0r xexx8yu x4uap5 x18d9i69 xkhd6sd x16tdsg8 xggy1nq x1a2a7pz xt0b8zv x1heor9g x1bvjpef\" href=\"http:\/\/www.espacebloomy.com\/confidentialite?fbclid=IwAR0xaVrVtP998ABMvksXQUUidvZl43s2VKqkLgAxfhrU4-ocMQ6T8lNC6dE\" rel=\"nofollow noopener noreferrer\" role=\"link\" target=\"_blank\" tabindex=\"-1\">www.espacebloomy.com\/confidentialite<\/a><\/span><\/p>\n<\/div>\n<p>[\/et_pb_text][\/et_pb_column][\/et_pb_row][\/et_pb_section][et_pb_section fb_built=\u00a0\u00bb1&Prime; _builder_version=\u00a0\u00bb4.21.0&Prime; _module_preset=\u00a0\u00bbdefault\u00a0\u00bb background_color=\u00a0\u00bb#e5e7e6&Prime; da_disable_devices=\u00a0\u00bboff|off|off\u00a0\u00bb locked=\u00a0\u00bboff\u00a0\u00bb global_colors_info=\u00a0\u00bb{}\u00a0\u00bb da_is_popup=\u00a0\u00bboff\u00a0\u00bb da_exit_intent=\u00a0\u00bboff\u00a0\u00bb da_has_close=\u00a0\u00bbon\u00a0\u00bb da_alt_close=\u00a0\u00bboff\u00a0\u00bb da_dark_close=\u00a0\u00bboff\u00a0\u00bb da_not_modal=\u00a0\u00bbon\u00a0\u00bb da_is_singular=\u00a0\u00bboff\u00a0\u00bb da_with_loader=\u00a0\u00bboff\u00a0\u00bb da_has_shadow=\u00a0\u00bbon\u00a0\u00bb][et_pb_row column_structure=\u00a0\u00bb1_3,1_3,1_3&Prime; _builder_version=\u00a0\u00bb4.21.0&Prime; _module_preset=\u00a0\u00bbdefault\u00a0\u00bb width=\u00a0\u00bb100%\u00a0\u00bb max_width=\u00a0\u00bb1500px\u00a0\u00bb global_colors_info=\u00a0\u00bb{}\u00a0\u00bb][et_pb_column type=\u00a0\u00bb1_3&Prime; _builder_version=\u00a0\u00bb4.21.0&Prime; _module_preset=\u00a0\u00bbdefault\u00a0\u00bb global_colors_info=\u00a0\u00bb{}\u00a0\u00bb][et_pb_text _builder_version=\u00a0\u00bb4.21.0&Prime; _module_preset=\u00a0\u00bbdefault\u00a0\u00bb text_font=\u00a0\u00bbABeeZee||||||||\u00a0\u00bb text_font_size=\u00a0\u00bb16px\u00a0\u00bb text_orientation=\u00a0\u00bbcenter\u00a0\u00bb global_colors_info=\u00a0\u00bb{}\u00a0\u00bb]<\/p>\n<p><img loading=\"lazy\" decoding=\"async\" src=\"https:\/\/espacebloomy.ca\/wp-content\/uploads\/2023\/05\/logo-BloomyTransparent-300x300.png\" width=\"300\" height=\"300\" alt=\"\" class=\"wp-image-73 alignnone size-medium\" \/><\/p>\n<p>info@espacebloomy.ca<\/p>\n<p>[\/et_pb_text][et_pb_social_media_follow _builder_version=\u00a0\u00bb4.21.0&Prime; _module_preset=\u00a0\u00bbdefault\u00a0\u00bb text_orientation=\u00a0\u00bbcenter\u00a0\u00bb global_colors_info=\u00a0\u00bb{}\u00a0\u00bb][et_pb_social_media_follow_network social_network=\u00a0\u00bbfacebook\u00a0\u00bb url=\u00a0\u00bbhttps:\/\/www.facebook.com\/bloomy.espace.vegetal\u00a0\u00bb icon_color=\u00a0\u00bb#FFFFFF\u00a0\u00bb use_icon_font_size=\u00a0\u00bbon\u00a0\u00bb icon_font_size=\u00a0\u00bb20px\u00a0\u00bb _builder_version=\u00a0\u00bb4.21.0&Prime; _module_preset=\u00a0\u00bbdefault\u00a0\u00bb background_color=\u00a0\u00bb#3b5998&Prime; border_radii=\u00a0\u00bbon|24px|24px|24px|24px\u00a0\u00bb global_colors_info=\u00a0\u00bb{}\u00a0\u00bb follow_button=\u00a0\u00bboff\u00a0\u00bb url_new_window=\u00a0\u00bbon\u00a0\u00bb]facebook[\/et_pb_social_media_follow_network][et_pb_social_media_follow_network social_network=\u00a0\u00bbinstagram\u00a0\u00bb url=\u00a0\u00bbhttps:\/\/www.instagram.com\/bloomy.espace.vegetal\/\u00a0\u00bb icon_color=\u00a0\u00bb#FFFFFF\u00a0\u00bb use_icon_font_size=\u00a0\u00bbon\u00a0\u00bb icon_font_size=\u00a0\u00bb20px\u00a0\u00bb _builder_version=\u00a0\u00bb4.21.0&Prime; _module_preset=\u00a0\u00bbdefault\u00a0\u00bb background_color=\u00a0\u00bb#ea2c59&Prime; border_radii=\u00a0\u00bbon|26px|26px|26px|26px\u00a0\u00bb global_colors_info=\u00a0\u00bb{}\u00a0\u00bb follow_button=\u00a0\u00bboff\u00a0\u00bb url_new_window=\u00a0\u00bbon\u00a0\u00bb]instagram[\/et_pb_social_media_follow_network][\/et_pb_social_media_follow][\/et_pb_column][et_pb_column type=\u00a0\u00bb1_3&Prime; _builder_version=\u00a0\u00bb4.21.0&Prime; _module_preset=\u00a0\u00bbdefault\u00a0\u00bb global_colors_info=\u00a0\u00bb{}\u00a0\u00bb][et_pb_text _builder_version=\u00a0\u00bb4.21.0&Prime; _module_preset=\u00a0\u00bbdefault\u00a0\u00bb text_font=\u00a0\u00bbABeeZee|700|||||||\u00a0\u00bb text_font_size=\u00a0\u00bb18px\u00a0\u00bb custom_padding=\u00a0\u00bb||0px|||\u00a0\u00bb global_colors_info=\u00a0\u00bb{}\u00a0\u00bb]<\/p>\n<p>&nbsp;<\/p>\n<p>&nbsp;<\/p>\n<p style=\"text-align: center;\"><a href=\"https:\/\/espacebloomy.ca\/\">Accueil<\/a><\/p>\n<p>&nbsp;<\/p>\n<p style=\"text-align: center;\"><a href=\"https:\/\/espacebloomy.ca\/boutique\/\">Boutique<\/a><\/p>\n<p>&nbsp;<\/p>\n<p style=\"text-align: center;\"><a href=\"https:\/\/espacebloomy.ca\/importation\/\">Importation<\/a><\/p>\n<p>&nbsp;<\/p>\n<p style=\"text-align: center;\"><a href=\"https:\/\/espacebloomy.ca\/contact\/\">Contact<\/a><\/p>\n<p>[\/et_pb_text][\/et_pb_column][et_pb_column type=\u00a0\u00bb1_3&Prime; _builder_version=\u00a0\u00bb4.21.0&Prime; _module_preset=\u00a0\u00bbdefault\u00a0\u00bb global_colors_info=\u00a0\u00bb{}\u00a0\u00bb][et_pb_text _builder_version=\u00a0\u00bb4.21.0&Prime; _module_preset=\u00a0\u00bbdefault\u00a0\u00bb text_font=\u00a0\u00bbABeeZee|700|||||||\u00a0\u00bb text_font_size=\u00a0\u00bb18px\u00a0\u00bb custom_padding=\u00a0\u00bb||0px|||\u00a0\u00bb global_colors_info=\u00a0\u00bb{}\u00a0\u00bb]<\/p>\n<p>&nbsp;<\/p>\n<p>&nbsp;<\/p>\n<p>&nbsp;<\/p>\n<p>&nbsp;<\/p>\n<p style=\"text-align: center;\"><a href=\"#FAQ\">FAQ<\/a><\/p>\n<p>&nbsp;<\/p>\n<p style=\"text-align: center;\"><a href=\"#Retours\">Livraisons et retours<\/a><\/p>\n<p>&nbsp;<\/p>\n<p>&nbsp;<\/p>\n<p>&nbsp;<\/p>\n<p>&nbsp;<\/p>\n<p>[\/et_pb_text][\/et_pb_column][\/et_pb_row][\/et_pb_section]<\/p>\n","protected":false},"excerpt":{"rendered":"<p>Politique de confidentialit\u00e9 Devant le d\u00e9veloppement des nouveaux outils de communication, il est n\u00e9cessaire de porter une attention particuli\u00e8re \u00e0 la protection de la vie priv\u00e9e. C\u2019est pourquoi, nous nous engageons \u00e0 respecter la confidentialit\u00e9 des renseignements personnels que nous collectons. Collecte des renseignements personnels Pr\u00e9nom, Adresse postale, Code postal, Adresse \u00e9lectronique, Num\u00e9ro de t\u00e9l\u00e9phone [&hellip;]<\/p>\n","protected":false},"author":1,"featured_media":0,"parent":0,"menu_order":0,"comment_status":"closed","ping_status":"closed","template":"","meta":{"_et_pb_use_builder":"on","_et_pb_old_content":"","_et_gb_content_width":"","footnotes":""},"class_list":["post-1314","page","type-page","status-publish","hentry"],"aioseo_notices":[],"jetpack_sharing_enabled":true,"_links":{"self":[{"href":"https:\/\/espacebloomy.ca\/en\/wp-json\/wp\/v2\/pages\/1314","targetHints":{"allow":["GET"]}}],"collection":[{"href":"https:\/\/espacebloomy.ca\/en\/wp-json\/wp\/v2\/pages"}],"about":[{"href":"https:\/\/espacebloomy.ca\/en\/wp-json\/wp\/v2\/types\/page"}],"author":[{"embeddable":true,"href":"https:\/\/espacebloomy.ca\/en\/wp-json\/wp\/v2\/users\/1"}],"replies":[{"embeddable":true,"href":"https:\/\/espacebloomy.ca\/en\/wp-json\/wp\/v2\/comments?post=1314"}],"version-history":[{"count":5,"href":"https:\/\/espacebloomy.ca\/en\/wp-json\/wp\/v2\/pages\/1314\/revisions"}],"predecessor-version":[{"id":1322,"href":"https:\/\/espacebloomy.ca\/en\/wp-json\/wp\/v2\/pages\/1314\/revisions\/1322"}],"wp:attachment":[{"href":"https:\/\/espacebloomy.ca\/en\/wp-json\/wp\/v2\/media?parent=1314"}],"curies":[{"name":"wp","href":"https:\/\/api.w.org\/{rel}","templated":true}]}}